{"id":761,"date":"2020-03-13T13:37:22","date_gmt":"2020-03-13T13:37:22","guid":{"rendered":"https:\/\/shdinsurance.com\/?page_id=761"},"modified":"2025-03-14T12:32:07","modified_gmt":"2025-03-14T12:32:07","slug":"dentist-near-me","status":"publish","type":"page","link":"https:\/\/shdinsurance.com\/es\/dentist-near-me\/","title":{"rendered":"Dentista cerca de m\u00ed"},"content":{"rendered":"<div data-elementor-type=\"wp-page\" data-elementor-id=\"761\" class=\"elementor elementor-761\" data-elementor-post-type=\"page\">\n\t\t\t\t\t\t<section class=\"elementor-section elementor-top-section elementor-element elementor-element-d945815 elementor-section-full_width elementor-section-height-default elementor-section-height-default\" data-id=\"d945815\" data-element_type=\"section\" data-e-type=\"section\">\n\t\t\t\t\t\t<div class=\"elementor-container elementor-column-gap-default\">\n\t\t\t\t\t<div class=\"elementor-column elementor-col-100 elementor-top-column elementor-element elementor-element-2e1022d\" data-id=\"2e1022d\" data-element_type=\"column\" data-e-type=\"column\">\n\t\t\t<div class=\"elementor-widget-wrap elementor-element-populated\">\n\t\t\t\t\t\t<div class=\"elementor-element elementor-element-fbe4141 elementor-widget elementor-widget-menu-anchor\" data-id=\"fbe4141\" data-element_type=\"widget\" data-e-type=\"widget\" data-widget_type=\"menu-anchor.default\">\n\t\t\t\t<div class=\"elementor-widget-container\">\n\t\t\t\t\t\t\t<div class=\"elementor-menu-anchor\" id=\"top\"><\/div>\n\t\t\t\t\t\t<\/div>\n\t\t\t\t<\/div>\n\t\t\t\t\t<\/div>\n\t\t<\/div>\n\t\t\t\t\t<\/div>\n\t\t<\/section>\n\t\t\t\t<section class=\"elementor-section elementor-top-section elementor-element elementor-element-2673b7f elementor-section-boxed elementor-section-height-default elementor-section-height-default\" data-id=\"2673b7f\" data-element_type=\"section\" data-e-type=\"section\" data-settings=\"{&quot;background_background&quot;:&quot;classic&quot;}\">\n\t\t\t\t\t\t<div class=\"elementor-container elementor-column-gap-default\">\n\t\t\t\t\t<div class=\"elementor-column elementor-col-100 elementor-top-column elementor-element elementor-element-5ac7ce7\" data-id=\"5ac7ce7\" data-element_type=\"column\" data-e-type=\"column\">\n\t\t\t<div class=\"elementor-widget-wrap elementor-element-populated\">\n\t\t\t\t\t\t<div class=\"elementor-element elementor-element-a0a9392 elementor-widget elementor-widget-heading\" data-id=\"a0a9392\" data-element_type=\"widget\" data-e-type=\"widget\" data-widget_type=\"heading.default\">\n\t\t\t\t<div class=\"elementor-widget-container\">\n\t\t\t\t\t<h1 class=\"elementor-heading-title elementor-size-default\">DENTISTA CERCA DE M\u00cd<\/h1>\t\t\t\t<\/div>\n\t\t\t\t<\/div>\n\t\t\t\t\t<\/div>\n\t\t<\/div>\n\t\t\t\t\t<\/div>\n\t\t<\/section>\n\t\t\t\t<section class=\"elementor-section elementor-top-section elementor-element elementor-element-6eec5d2 elementor-section-full_width elementor-section-height-default elementor-section-height-default\" data-id=\"6eec5d2\" data-element_type=\"section\" data-e-type=\"section\">\n\t\t\t\t\t\t<div class=\"elementor-container elementor-column-gap-default\">\n\t\t\t\t\t<div class=\"elementor-column elementor-col-50 elementor-top-column elementor-element elementor-element-da42474 elementor-hidden-phone\" data-id=\"da42474\" data-element_type=\"column\" data-e-type=\"column\" data-settings=\"{&quot;background_background&quot;:&quot;classic&quot;}\">\n\t\t\t<div class=\"elementor-widget-wrap\">\n\t\t\t\t\t\t\t<\/div>\n\t\t<\/div>\n\t\t\t\t<div class=\"elementor-column elementor-col-50 elementor-top-column elementor-element elementor-element-10740b4\" data-id=\"10740b4\" data-element_type=\"column\" data-e-type=\"column\">\n\t\t\t<div class=\"elementor-widget-wrap elementor-element-populated\">\n\t\t\t\t\t\t<div class=\"elementor-element elementor-element-f821146 elementor-widget elementor-widget-heading\" data-id=\"f821146\" data-element_type=\"widget\" data-e-type=\"widget\" data-widget_type=\"heading.default\">\n\t\t\t\t<div class=\"elementor-widget-container\">\n\t\t\t\t\t<h2 class=\"elementor-heading-title elementor-size-default\">Encuentre un dentista cerca de usted<\/h2>\t\t\t\t<\/div>\n\t\t\t\t<\/div>\n\t\t\t\t<div class=\"elementor-element elementor-element-0ecf31c elementor-widget elementor-widget-text-editor\" data-id=\"0ecf31c\" data-element_type=\"widget\" data-e-type=\"widget\" data-widget_type=\"text-editor.default\">\n\t\t\t\t<div class=\"elementor-widget-container\">\n\t\t\t\t\t\t\t\t\t<p>Busque un proveedor en su zona o compruebe si su actual dentista forma parte de una de nuestras redes.<\/p>\t\t\t\t\t\t\t\t<\/div>\n\t\t\t\t<\/div>\n\t\t\t\t\t<\/div>\n\t\t<\/div>\n\t\t\t\t\t<\/div>\n\t\t<\/section>\n\t\t\t\t<section class=\"elementor-section elementor-top-section elementor-element elementor-element-ad8c023 elementor-section-full_width elementor-section-height-default elementor-section-height-default\" data-id=\"ad8c023\" data-element_type=\"section\" data-e-type=\"section\">\n\t\t\t\t\t\t<div class=\"elementor-container elementor-column-gap-default\">\n\t\t\t\t\t<div class=\"elementor-column elementor-col-50 elementor-top-column elementor-element elementor-element-91ef507 elementor-hidden-phone\" data-id=\"91ef507\" data-element_type=\"column\" data-e-type=\"column\" data-settings=\"{&quot;background_background&quot;:&quot;classic&quot;}\">\n\t\t\t<div class=\"elementor-widget-wrap\">\n\t\t\t\t\t\t\t<\/div>\n\t\t<\/div>\n\t\t\t\t<div class=\"elementor-column elementor-col-50 elementor-top-column elementor-element elementor-element-62c37eb\" data-id=\"62c37eb\" data-element_type=\"column\" data-e-type=\"column\" data-settings=\"{&quot;background_background&quot;:&quot;classic&quot;}\">\n\t\t\t<div class=\"elementor-widget-wrap elementor-element-populated\">\n\t\t\t\t\t\t<div class=\"elementor-element elementor-element-5261ff4 elementor-widget elementor-widget-heading\" data-id=\"5261ff4\" data-element_type=\"widget\" data-e-type=\"widget\" data-widget_type=\"heading.default\">\n\t\t\t\t<div class=\"elementor-widget-container\">\n\t\t\t\t\t<h2 class=\"elementor-heading-title elementor-size-default\">Planes de seguro<\/h2>\t\t\t\t<\/div>\n\t\t\t\t<\/div>\n\t\t\t\t<section class=\"elementor-section elementor-inner-section elementor-element elementor-element-bf49d78 elementor-section-boxed elementor-section-height-default elementor-section-height-default\" data-id=\"bf49d78\" data-element_type=\"section\" data-e-type=\"section\">\n\t\t\t\t\t\t<div class=\"elementor-container elementor-column-gap-default\">\n\t\t\t\t\t<div class=\"elementor-column elementor-col-33 elementor-inner-column elementor-element elementor-element-3f93e14\" data-id=\"3f93e14\" data-element_type=\"column\" data-e-type=\"column\">\n\t\t\t<div class=\"elementor-widget-wrap elementor-element-populated\">\n\t\t\t\t\t\t<div class=\"elementor-element elementor-element-2980619 elementor-widget elementor-widget-image\" data-id=\"2980619\" data-element_type=\"widget\" data-e-type=\"widget\" data-widget_type=\"image.default\">\n\t\t\t\t<div class=\"elementor-widget-container\">\n\t\t\t\t\t\t\t\t\t\t\t\t\t\t\t<img fetchpriority=\"high\" decoding=\"async\" width=\"800\" height=\"800\" src=\"https:\/\/shdinsurance.com\/wp-content\/uploads\/2020\/02\/shd-preventive-plan-1024x1024.png\" class=\"attachment-large size-large wp-image-229\" alt=\"plan preventivo de la shd\" srcset=\"https:\/\/shdinsurance.com\/wp-content\/uploads\/2020\/02\/shd-preventive-plan-1024x1024.png 1024w, https:\/\/shdinsurance.com\/wp-content\/uploads\/2020\/02\/shd-preventive-plan-300x300.png 300w, https:\/\/shdinsurance.com\/wp-content\/uploads\/2020\/02\/shd-preventive-plan-150x150.png 150w, https:\/\/shdinsurance.com\/wp-content\/uploads\/2020\/02\/shd-preventive-plan-768x768.png 768w, https:\/\/shdinsurance.com\/wp-content\/uploads\/2020\/02\/shd-preventive-plan.png 1072w\" sizes=\"(max-width: 800px) 100vw, 800px\" \/>\t\t\t\t\t\t\t\t\t\t\t\t\t\t\t<\/div>\n\t\t\t\t<\/div>\n\t\t\t\t\t<\/div>\n\t\t<\/div>\n\t\t\t\t<div class=\"elementor-column elementor-col-33 elementor-inner-column elementor-element elementor-element-dfa0e78\" data-id=\"dfa0e78\" data-element_type=\"column\" data-e-type=\"column\">\n\t\t\t<div class=\"elementor-widget-wrap elementor-element-populated\">\n\t\t\t\t\t\t<div class=\"elementor-element elementor-element-29bcb18 elementor-widget elementor-widget-image\" data-id=\"29bcb18\" data-element_type=\"widget\" data-e-type=\"widget\" data-widget_type=\"image.default\">\n\t\t\t\t<div class=\"elementor-widget-container\">\n\t\t\t\t\t\t\t\t\t\t\t\t\t\t\t<img decoding=\"async\" width=\"800\" height=\"800\" src=\"https:\/\/shdinsurance.com\/wp-content\/uploads\/2020\/02\/shd-elevate-plan-1024x1024.png\" class=\"attachment-large size-large wp-image-230\" alt=\"plan de elevaci\u00f3n de shd\" srcset=\"https:\/\/shdinsurance.com\/wp-content\/uploads\/2020\/02\/shd-elevate-plan-1024x1024.png 1024w, https:\/\/shdinsurance.com\/wp-content\/uploads\/2020\/02\/shd-elevate-plan-300x300.png 300w, https:\/\/shdinsurance.com\/wp-content\/uploads\/2020\/02\/shd-elevate-plan-150x150.png 150w, https:\/\/shdinsurance.com\/wp-content\/uploads\/2020\/02\/shd-elevate-plan-768x768.png 768w, https:\/\/shdinsurance.com\/wp-content\/uploads\/2020\/02\/shd-elevate-plan.png 1072w\" sizes=\"(max-width: 800px) 100vw, 800px\" \/>\t\t\t\t\t\t\t\t\t\t\t\t\t\t\t<\/div>\n\t\t\t\t<\/div>\n\t\t\t\t\t<\/div>\n\t\t<\/div>\n\t\t\t\t<div class=\"elementor-column elementor-col-33 elementor-inner-column elementor-element elementor-element-ed5ca19\" data-id=\"ed5ca19\" data-element_type=\"column\" data-e-type=\"column\">\n\t\t\t<div class=\"elementor-widget-wrap elementor-element-populated\">\n\t\t\t\t\t\t<div class=\"elementor-element elementor-element-c7a00de elementor-widget elementor-widget-image\" data-id=\"c7a00de\" data-element_type=\"widget\" data-e-type=\"widget\" data-widget_type=\"image.default\">\n\t\t\t\t<div class=\"elementor-widget-container\">\n\t\t\t\t\t\t\t\t\t\t\t\t\t\t\t<img decoding=\"async\" width=\"800\" height=\"800\" src=\"https:\/\/shdinsurance.com\/wp-content\/uploads\/2025\/01\/top-dental-insurance-1024x1024.png\" class=\"attachment-large size-large wp-image-4409\" alt=\"el mejor seguro dental\" srcset=\"https:\/\/shdinsurance.com\/wp-content\/uploads\/2025\/01\/top-dental-insurance-1024x1024.png 1024w, https:\/\/shdinsurance.com\/wp-content\/uploads\/2025\/01\/top-dental-insurance-300x300.png 300w, https:\/\/shdinsurance.com\/wp-content\/uploads\/2025\/01\/top-dental-insurance-150x150.png 150w, https:\/\/shdinsurance.com\/wp-content\/uploads\/2025\/01\/top-dental-insurance-768x768.png 768w, https:\/\/shdinsurance.com\/wp-content\/uploads\/2025\/01\/top-dental-insurance-1536x1536.png 1536w, https:\/\/shdinsurance.com\/wp-content\/uploads\/2025\/01\/top-dental-insurance-2048x2048.png 2048w, https:\/\/shdinsurance.com\/wp-content\/uploads\/2025\/01\/top-dental-insurance-12x12.png 12w\" sizes=\"(max-width: 800px) 100vw, 800px\" \/>\t\t\t\t\t\t\t\t\t\t\t\t\t\t\t<\/div>\n\t\t\t\t<\/div>\n\t\t\t\t\t<\/div>\n\t\t<\/div>\n\t\t\t\t\t<\/div>\n\t\t<\/section>\n\t\t\t\t<div class=\"elementor-element elementor-element-295e123 elementor-widget elementor-widget-text-editor\" data-id=\"295e123\" data-element_type=\"widget\" data-e-type=\"widget\" data-widget_type=\"text-editor.default\">\n\t\t\t\t<div class=\"elementor-widget-container\">\n\t\t\t\t\t\t\t\t\t<p><span style=\"font-size: 1rem;\">Nuestros planes de seguro le dan acceso a la red Renaissance PPO, que combina las principales redes PPO nacionales y regionales para ofrecer la m\u00e1xima variedad y valor. Puede encontrar un dentista cerca de usted utilizando la herramienta de b\u00fasqueda que aparece a continuaci\u00f3n. Si decide ponerse en contacto directamente con un consultorio odontol\u00f3gico, consulte los siguientes socios de la red que un consultorio odontol\u00f3gico probablemente reconocer\u00e1 por su participaci\u00f3n:<\/span><\/p><ul><li>M\u00e1xima atenci\u00f3n<\/li><li>Conexi\u00f3n Dental<\/li><li>Red dental Maverest<\/li><li>Stratose\/4Most (s\u00f3lo en Virginia Occidental)<\/li><\/ul>\t\t\t\t\t\t\t\t<\/div>\n\t\t\t\t<\/div>\n\t\t\t\t<div class=\"elementor-element elementor-element-755e881 elementor-widget elementor-widget-button\" data-id=\"755e881\" data-element_type=\"widget\" data-e-type=\"widget\" data-widget_type=\"button.default\">\n\t\t\t\t<div class=\"elementor-widget-container\">\n\t\t\t\t\t\t\t\t\t<div class=\"elementor-button-wrapper\">\n\t\t\t\t\t<a class=\"elementor-button elementor-button-link elementor-size-lg\" href=\"https:\/\/www.providers4you.com\/renaissance\" target=\"_blank\">\n\t\t\t\t\t\t<span class=\"elementor-button-content-wrapper\">\n\t\t\t\t\t\t\t\t\t<span class=\"elementor-button-text\">VER EL DIRECTORIO DE PROVEEDORES<\/span>\n\t\t\t\t\t<\/span>\n\t\t\t\t\t<\/a>\n\t\t\t\t<\/div>\n\t\t\t\t\t\t\t\t<\/div>\n\t\t\t\t<\/div>\n\t\t\t\t\t<\/div>\n\t\t<\/div>\n\t\t\t\t\t<\/div>\n\t\t<\/section>\n\t\t\t\t<section class=\"elementor-section elementor-top-section elementor-element elementor-element-f41c1a5 elementor-section-boxed elementor-section-height-default elementor-section-height-default\" data-id=\"f41c1a5\" data-element_type=\"section\" data-e-type=\"section\">\n\t\t\t\t\t\t<div class=\"elementor-container elementor-column-gap-default\">\n\t\t\t\t\t<div class=\"elementor-column elementor-col-100 elementor-top-column elementor-element elementor-element-547d8cd\" data-id=\"547d8cd\" data-element_type=\"column\" data-e-type=\"column\">\n\t\t\t<div class=\"elementor-widget-wrap elementor-element-populated\">\n\t\t\t\t\t\t<div class=\"elementor-element elementor-element-75f610d elementor-button-info elementor-align-center elementor-widget elementor-widget-button\" data-id=\"75f610d\" data-element_type=\"widget\" data-e-type=\"widget\" data-widget_type=\"button.default\">\n\t\t\t\t<div class=\"elementor-widget-container\">\n\t\t\t\t\t\t\t\t\t<div class=\"elementor-button-wrapper\">\n\t\t\t\t\t<a class=\"elementor-button elementor-button-link elementor-size-lg\" href=\"#top\">\n\t\t\t\t\t\t<span class=\"elementor-button-content-wrapper\">\n\t\t\t\t\t\t\t\t\t<span class=\"elementor-button-text\">VOLVER ARRIBA<\/span>\n\t\t\t\t\t<\/span>\n\t\t\t\t\t<\/a>\n\t\t\t\t<\/div>\n\t\t\t\t\t\t\t\t<\/div>\n\t\t\t\t<\/div>\n\t\t\t\t\t<\/div>\n\t\t<\/div>\n\t\t\t\t\t<\/div>\n\t\t<\/section>\n\t\t\t\t<section class=\"elementor-section elementor-top-section elementor-element elementor-element-c5800f2 elementor-section-boxed elementor-section-height-default elementor-section-height-default\" data-id=\"c5800f2\" data-element_type=\"section\" data-e-type=\"section\">\n\t\t\t\t\t\t<div class=\"elementor-container elementor-column-gap-default\">\n\t\t\t\t\t<div class=\"elementor-column elementor-col-100 elementor-top-column elementor-element elementor-element-46d7e8a\" data-id=\"46d7e8a\" data-element_type=\"column\" data-e-type=\"column\">\n\t\t\t<div class=\"elementor-widget-wrap elementor-element-populated\">\n\t\t\t\t\t\t<div class=\"elementor-element elementor-element-b0172e6 elementor-widget elementor-widget-text-editor\" data-id=\"b0172e6\" data-element_type=\"widget\" data-e-type=\"widget\" data-widget_type=\"text-editor.default\">\n\t\t\t\t<div class=\"elementor-widget-container\">\n\t\t\t\t\t\t\t\t\t<p><span style=\"color: #999999;\">Planes impulsados por <a style=\"color: #999999;\" href=\"https:\/\/renaissancefamily.com\/our-company\/why-us\/\" target=\"_blank\" rel=\"noopener\">Renaissance Dental<\/a><\/span><\/p>\t\t\t\t\t\t\t\t<\/div>\n\t\t\t\t<\/div>\n\t\t\t\t\t<\/div>\n\t\t<\/div>\n\t\t\t\t\t<\/div>\n\t\t<\/section>\n\t\t\t\t<\/div>","protected":false},"excerpt":{"rendered":"<p>DENTIST NEAR ME Find a Dentist Near You Search for a provider in your area or see if your current dentist is a part of one of our networks. Insurance Plans Our Insurance Plans give you access to the Renaissance PPO network which combines leading national and regional PPO networks to offer maximum choice and [&hellip;]<\/p>\n","protected":false},"author":2,"featured_media":52,"parent":0,"menu_order":0,"comment_status":"closed","ping_status":"closed","template":"","meta":{"footnotes":""},"class_list":["post-761","page","type-page","status-publish","has-post-thumbnail","hentry"],"yoast_head":"<!-- This site is optimized with the Yoast SEO Premium plugin v27.3 (Yoast SEO v27.3) - https:\/\/yoast.com\/product\/yoast-seo-premium-wordpress\/ -->\n<title>Dentist Near Me | Find a Dental Office | SHD Insurance<\/title>\n<meta name=\"description\" content=\"Need to find a dentist? Use our the search tool to make sure your dentist takes your plan, or choose one of our 200,000+ approved providers\" \/>\n<meta name=\"robots\" content=\"index, follow, max-snippet:-1, max-image-preview:large, max-video-preview:-1\" \/>\n<link rel=\"canonical\" href=\"https:\/\/shdinsurance.com\/es\/dentist-near-me\/\" \/>\n<meta property=\"og:locale\" content=\"es_MX\" \/>\n<meta property=\"og:type\" content=\"article\" \/>\n<meta property=\"og:title\" content=\"Dentist Near Me\" \/>\n<meta property=\"og:description\" content=\"Need to find a dentist? Use our the search tool to make sure your dentist takes your plan, or choose one of our 200,000+ approved providers\" \/>\n<meta property=\"og:url\" content=\"https:\/\/shdinsurance.com\/es\/dentist-near-me\/\" \/>\n<meta property=\"og:site_name\" content=\"SHD Insurance\" \/>\n<meta property=\"article:modified_time\" content=\"2025-03-14T12:32:07+00:00\" \/>\n<meta property=\"og:image\" content=\"https:\/\/shdinsurance.com\/wp-content\/uploads\/2020\/02\/shd-insurance-logo-vertical.png\" \/>\n\t<meta property=\"og:image:width\" content=\"1072\" \/>\n\t<meta property=\"og:image:height\" content=\"1072\" \/>\n\t<meta property=\"og:image:type\" content=\"image\/png\" \/>\n<meta name=\"twitter:card\" content=\"summary_large_image\" \/>\n<meta name=\"twitter:label1\" content=\"Tiempo de lectura\" \/>\n\t<meta name=\"twitter:data1\" content=\"2 minutos\" \/>\n<script type=\"application\/ld+json\" class=\"yoast-schema-graph\">{\"@context\":\"https:\\\/\\\/schema.org\",\"@graph\":[{\"@type\":\"WebPage\",\"@id\":\"https:\\\/\\\/shdinsurance.com\\\/dentist-near-me\\\/\",\"url\":\"https:\\\/\\\/shdinsurance.com\\\/dentist-near-me\\\/\",\"name\":\"Dentist Near Me | Find a Dental Office | SHD Insurance\",\"isPartOf\":{\"@id\":\"https:\\\/\\\/shdinsurance.com\\\/es\\\/#website\"},\"primaryImageOfPage\":{\"@id\":\"https:\\\/\\\/shdinsurance.com\\\/dentist-near-me\\\/#primaryimage\"},\"image\":{\"@id\":\"https:\\\/\\\/shdinsurance.com\\\/dentist-near-me\\\/#primaryimage\"},\"thumbnailUrl\":\"https:\\\/\\\/shdinsurance.com\\\/wp-content\\\/uploads\\\/2020\\\/02\\\/shd-insurance-logo-vertical.png\",\"datePublished\":\"2020-03-13T13:37:22+00:00\",\"dateModified\":\"2025-03-14T12:32:07+00:00\",\"description\":\"Need to find a dentist? Use our the search tool to make sure your dentist takes your plan, or choose one of our 200,000+ approved providers\",\"breadcrumb\":{\"@id\":\"https:\\\/\\\/shdinsurance.com\\\/dentist-near-me\\\/#breadcrumb\"},\"inLanguage\":\"es\",\"potentialAction\":[{\"@type\":\"ReadAction\",\"target\":[\"https:\\\/\\\/shdinsurance.com\\\/dentist-near-me\\\/\"]}]},{\"@type\":\"ImageObject\",\"inLanguage\":\"es\",\"@id\":\"https:\\\/\\\/shdinsurance.com\\\/dentist-near-me\\\/#primaryimage\",\"url\":\"https:\\\/\\\/shdinsurance.com\\\/wp-content\\\/uploads\\\/2020\\\/02\\\/shd-insurance-logo-vertical.png\",\"contentUrl\":\"https:\\\/\\\/shdinsurance.com\\\/wp-content\\\/uploads\\\/2020\\\/02\\\/shd-insurance-logo-vertical.png\",\"width\":1072,\"height\":1072,\"caption\":\"shd insurance\"},{\"@type\":\"BreadcrumbList\",\"@id\":\"https:\\\/\\\/shdinsurance.com\\\/dentist-near-me\\\/#breadcrumb\",\"itemListElement\":[{\"@type\":\"ListItem\",\"position\":1,\"name\":\"Home\",\"item\":\"https:\\\/\\\/shdinsurance.com\\\/\"},{\"@type\":\"ListItem\",\"position\":2,\"name\":\"Dentist Near Me\"}]},{\"@type\":\"WebSite\",\"@id\":\"https:\\\/\\\/shdinsurance.com\\\/es\\\/#website\",\"url\":\"https:\\\/\\\/shdinsurance.com\\\/es\\\/\",\"name\":\"SHD Insurance\",\"description\":\"Dental Insurance Plans\",\"publisher\":{\"@id\":\"https:\\\/\\\/shdinsurance.com\\\/es\\\/#organization\"},\"potentialAction\":[{\"@type\":\"SearchAction\",\"target\":{\"@type\":\"EntryPoint\",\"urlTemplate\":\"https:\\\/\\\/shdinsurance.com\\\/es\\\/?s={search_term_string}\"},\"query-input\":{\"@type\":\"PropertyValueSpecification\",\"valueRequired\":true,\"valueName\":\"search_term_string\"}}],\"inLanguage\":\"es\"},{\"@type\":\"Organization\",\"@id\":\"https:\\\/\\\/shdinsurance.com\\\/es\\\/#organization\",\"name\":\"SHD\",\"url\":\"https:\\\/\\\/shdinsurance.com\\\/es\\\/\",\"logo\":{\"@type\":\"ImageObject\",\"inLanguage\":\"es\",\"@id\":\"https:\\\/\\\/shdinsurance.com\\\/es\\\/#\\\/schema\\\/logo\\\/image\\\/\",\"url\":\"https:\\\/\\\/shdinsurance.com\\\/wp-content\\\/uploads\\\/2020\\\/02\\\/shd-insurance-logo-vertical.png\",\"contentUrl\":\"https:\\\/\\\/shdinsurance.com\\\/wp-content\\\/uploads\\\/2020\\\/02\\\/shd-insurance-logo-vertical.png\",\"width\":1072,\"height\":1072,\"caption\":\"SHD\"},\"image\":{\"@id\":\"https:\\\/\\\/shdinsurance.com\\\/es\\\/#\\\/schema\\\/logo\\\/image\\\/\"}}]}<\/script>\n<!-- \/ Yoast SEO Premium plugin. -->","yoast_head_json":{"title":"Dentista cerca de casa | Buscar una cl\u00ednica dental | Seguro SHD","description":"\u00bfNecesita encontrar un dentista? Utilice nuestra herramienta de b\u00fasqueda para asegurarse de que su dentista acepta su plan, o elija uno de nuestros m\u00e1s de 200.000 proveedores autorizados.","robots":{"index":"index","follow":"follow","max-snippet":"max-snippet:-1","max-image-preview":"max-image-preview:large","max-video-preview":"max-video-preview:-1"},"canonical":"https:\/\/shdinsurance.com\/es\/dentist-near-me\/","og_locale":"es_MX","og_type":"article","og_title":"Dentist Near Me","og_description":"Need to find a dentist? Use our the search tool to make sure your dentist takes your plan, or choose one of our 200,000+ approved providers","og_url":"https:\/\/shdinsurance.com\/es\/dentist-near-me\/","og_site_name":"SHD Insurance","article_modified_time":"2025-03-14T12:32:07+00:00","og_image":[{"width":1072,"height":1072,"url":"https:\/\/shdinsurance.com\/wp-content\/uploads\/2020\/02\/shd-insurance-logo-vertical.png","type":"image\/png"}],"twitter_card":"summary_large_image","twitter_misc":{"Tiempo de lectura":"2 minutos"},"schema":{"@context":"https:\/\/schema.org","@graph":[{"@type":"WebPage","@id":"https:\/\/shdinsurance.com\/dentist-near-me\/","url":"https:\/\/shdinsurance.com\/dentist-near-me\/","name":"Dentista cerca de casa | Buscar una cl\u00ednica dental | Seguro SHD","isPartOf":{"@id":"https:\/\/shdinsurance.com\/es\/#website"},"primaryImageOfPage":{"@id":"https:\/\/shdinsurance.com\/dentist-near-me\/#primaryimage"},"image":{"@id":"https:\/\/shdinsurance.com\/dentist-near-me\/#primaryimage"},"thumbnailUrl":"https:\/\/shdinsurance.com\/wp-content\/uploads\/2020\/02\/shd-insurance-logo-vertical.png","datePublished":"2020-03-13T13:37:22+00:00","dateModified":"2025-03-14T12:32:07+00:00","description":"\u00bfNecesita encontrar un dentista? Utilice nuestra herramienta de b\u00fasqueda para asegurarse de que su dentista acepta su plan, o elija uno de nuestros m\u00e1s de 200.000 proveedores autorizados.","breadcrumb":{"@id":"https:\/\/shdinsurance.com\/dentist-near-me\/#breadcrumb"},"inLanguage":"es","potentialAction":[{"@type":"ReadAction","target":["https:\/\/shdinsurance.com\/dentist-near-me\/"]}]},{"@type":"ImageObject","inLanguage":"es","@id":"https:\/\/shdinsurance.com\/dentist-near-me\/#primaryimage","url":"https:\/\/shdinsurance.com\/wp-content\/uploads\/2020\/02\/shd-insurance-logo-vertical.png","contentUrl":"https:\/\/shdinsurance.com\/wp-content\/uploads\/2020\/02\/shd-insurance-logo-vertical.png","width":1072,"height":1072,"caption":"shd insurance"},{"@type":"BreadcrumbList","@id":"https:\/\/shdinsurance.com\/dentist-near-me\/#breadcrumb","itemListElement":[{"@type":"ListItem","position":1,"name":"Home","item":"https:\/\/shdinsurance.com\/"},{"@type":"ListItem","position":2,"name":"Dentist Near Me"}]},{"@type":"WebSite","@id":"https:\/\/shdinsurance.com\/es\/#website","url":"https:\/\/shdinsurance.com\/es\/","name":"Seguros SHD","description":"Planes de seguro dental","publisher":{"@id":"https:\/\/shdinsurance.com\/es\/#organization"},"potentialAction":[{"@type":"SearchAction","target":{"@type":"EntryPoint","urlTemplate":"https:\/\/shdinsurance.com\/es\/?s={search_term_string}"},"query-input":{"@type":"PropertyValueSpecification","valueRequired":true,"valueName":"search_term_string"}}],"inLanguage":"es"},{"@type":"Organization","@id":"https:\/\/shdinsurance.com\/es\/#organization","name":"SHD","url":"https:\/\/shdinsurance.com\/es\/","logo":{"@type":"ImageObject","inLanguage":"es","@id":"https:\/\/shdinsurance.com\/es\/#\/schema\/logo\/image\/","url":"https:\/\/shdinsurance.com\/wp-content\/uploads\/2020\/02\/shd-insurance-logo-vertical.png","contentUrl":"https:\/\/shdinsurance.com\/wp-content\/uploads\/2020\/02\/shd-insurance-logo-vertical.png","width":1072,"height":1072,"caption":"SHD"},"image":{"@id":"https:\/\/shdinsurance.com\/es\/#\/schema\/logo\/image\/"}}]}},"_links":{"self":[{"href":"https:\/\/shdinsurance.com\/es\/wp-json\/wp\/v2\/pages\/761","targetHints":{"allow":["GET"]}}],"collection":[{"href":"https:\/\/shdinsurance.com\/es\/wp-json\/wp\/v2\/pages"}],"about":[{"href":"https:\/\/shdinsurance.com\/es\/wp-json\/wp\/v2\/types\/page"}],"author":[{"embeddable":true,"href":"https:\/\/shdinsurance.com\/es\/wp-json\/wp\/v2\/users\/2"}],"replies":[{"embeddable":true,"href":"https:\/\/shdinsurance.com\/es\/wp-json\/wp\/v2\/comments?post=761"}],"version-history":[{"count":56,"href":"https:\/\/shdinsurance.com\/es\/wp-json\/wp\/v2\/pages\/761\/revisions"}],"predecessor-version":[{"id":4423,"href":"https:\/\/shdinsurance.com\/es\/wp-json\/wp\/v2\/pages\/761\/revisions\/4423"}],"wp:featuredmedia":[{"embeddable":true,"href":"https:\/\/shdinsurance.com\/es\/wp-json\/wp\/v2\/media\/52"}],"wp:attachment":[{"href":"https:\/\/shdinsurance.com\/es\/wp-json\/wp\/v2\/media?parent=761"}],"curies":[{"name":"wp","href":"https:\/\/api.w.org\/{rel}","templated":true}]}}