{"id":70,"date":"2020-02-14T16:42:14","date_gmt":"2020-02-14T16:42:14","guid":{"rendered":"https:\/\/shdinsurance.com\/?page_id=70"},"modified":"2020-09-08T14:09:25","modified_gmt":"2020-09-08T14:09:25","slug":"contact-us","status":"publish","type":"page","link":"https:\/\/shdinsurance.com\/es\/contact-us\/","title":{"rendered":"Contacto"},"content":{"rendered":"<div data-elementor-type=\"wp-page\" data-elementor-id=\"70\" class=\"elementor elementor-70\" data-elementor-post-type=\"page\">\n\t\t\t\t\t\t<section class=\"elementor-section elementor-top-section elementor-element elementor-element-5498892 elementor-section-full_width elementor-section-height-default elementor-section-height-default\" data-id=\"5498892\" data-element_type=\"section\" data-e-type=\"section\" data-settings=\"{&quot;background_background&quot;:&quot;classic&quot;}\">\n\t\t\t\t\t\t<div class=\"elementor-container elementor-column-gap-default\">\n\t\t\t\t\t<div class=\"elementor-column elementor-col-100 elementor-top-column elementor-element elementor-element-adbb90c\" data-id=\"adbb90c\" data-element_type=\"column\" data-e-type=\"column\">\n\t\t\t<div class=\"elementor-widget-wrap elementor-element-populated\">\n\t\t\t\t\t\t<div class=\"elementor-element elementor-element-5817154 elementor-widget elementor-widget-menu-anchor\" data-id=\"5817154\" data-element_type=\"widget\" data-e-type=\"widget\" data-widget_type=\"menu-anchor.default\">\n\t\t\t\t<div class=\"elementor-widget-container\">\n\t\t\t\t\t\t\t<div class=\"elementor-menu-anchor\" id=\"top\"><\/div>\n\t\t\t\t\t\t<\/div>\n\t\t\t\t<\/div>\n\t\t\t\t<div class=\"elementor-element elementor-element-6e1c698 elementor-widget elementor-widget-heading\" data-id=\"6e1c698\" data-element_type=\"widget\" data-e-type=\"widget\" data-widget_type=\"heading.default\">\n\t\t\t\t<div class=\"elementor-widget-container\">\n\t\t\t\t\t<h1 class=\"elementor-heading-title elementor-size-default\">CONT\u00c1CTENOS<\/h1>\t\t\t\t<\/div>\n\t\t\t\t<\/div>\n\t\t\t\t\t<\/div>\n\t\t<\/div>\n\t\t\t\t\t<\/div>\n\t\t<\/section>\n\t\t\t\t<section class=\"elementor-section elementor-top-section elementor-element elementor-element-ee2080d elementor-section-full_width elementor-section-height-default elementor-section-height-default\" data-id=\"ee2080d\" data-element_type=\"section\" data-e-type=\"section\">\n\t\t\t\t\t\t<div class=\"elementor-container elementor-column-gap-default\">\n\t\t\t\t\t<div class=\"elementor-column elementor-col-50 elementor-top-column elementor-element elementor-element-25939e6\" data-id=\"25939e6\" data-element_type=\"column\" data-e-type=\"column\" data-settings=\"{&quot;background_background&quot;:&quot;classic&quot;}\">\n\t\t\t<div class=\"elementor-widget-wrap elementor-element-populated\">\n\t\t\t\t\t\t<div class=\"elementor-element elementor-element-be7d14b elementor-widget elementor-widget-text-editor\" data-id=\"be7d14b\" data-element_type=\"widget\" data-e-type=\"widget\" data-widget_type=\"text-editor.default\">\n\t\t\t\t<div class=\"elementor-widget-container\">\n\t\t\t\t\t\t\t\t\t<p>INSCRIPCI\u00d3N<\/p>\t\t\t\t\t\t\t\t<\/div>\n\t\t\t\t<\/div>\n\t\t\t\t\t<\/div>\n\t\t<\/div>\n\t\t\t\t<div class=\"elementor-column elementor-col-50 elementor-top-column elementor-element elementor-element-1eb6b7a\" data-id=\"1eb6b7a\" data-element_type=\"column\" data-e-type=\"column\" data-settings=\"{&quot;background_background&quot;:&quot;classic&quot;}\">\n\t\t\t<div class=\"elementor-widget-wrap elementor-element-populated\">\n\t\t\t\t\t\t<div class=\"elementor-element elementor-element-ef05617 elementor-widget elementor-widget-text-editor\" data-id=\"ef05617\" data-element_type=\"widget\" data-e-type=\"widget\" data-widget_type=\"text-editor.default\">\n\t\t\t\t<div class=\"elementor-widget-container\">\n\t\t\t\t\t\t\t\t\t<p>\u00bfBUSCA UN PLAN DENTAL?<\/p>\t\t\t\t\t\t\t\t<\/div>\n\t\t\t\t<\/div>\n\t\t\t\t<div class=\"elementor-element elementor-element-6b86efc elementor-widget elementor-widget-text-editor\" data-id=\"6b86efc\" data-element_type=\"widget\" data-e-type=\"widget\" data-widget_type=\"text-editor.default\">\n\t\t\t\t<div class=\"elementor-widget-container\">\n\t\t\t\t\t\t\t\t\t<p>SHD ofrece m\u00faltiples opciones de planes de seguros dentales y no seguros dise\u00f1ados para adaptarse a sus necesidades y presupuesto<\/p><p>Para hablar con un especialista en inscripciones, ll\u00e1menos al <span style=\"text-decoration: underline; color: #0000ff;\"><strong>(866) 260-2402<\/strong><\/span>.  De lunes a viernes de 9am a 5pm EST<\/p>\t\t\t\t\t\t\t\t<\/div>\n\t\t\t\t<\/div>\n\t\t\t\t\t<\/div>\n\t\t<\/div>\n\t\t\t\t\t<\/div>\n\t\t<\/section>\n\t\t\t\t<section class=\"elementor-section elementor-top-section elementor-element elementor-element-eb471b7 elementor-section-full_width elementor-section-height-default elementor-section-height-default\" data-id=\"eb471b7\" data-element_type=\"section\" data-e-type=\"section\">\n\t\t\t\t\t\t<div class=\"elementor-container elementor-column-gap-default\">\n\t\t\t\t\t<div class=\"elementor-column elementor-col-50 elementor-top-column elementor-element elementor-element-bf47aeb\" data-id=\"bf47aeb\" data-element_type=\"column\" data-e-type=\"column\" data-settings=\"{&quot;background_background&quot;:&quot;classic&quot;}\">\n\t\t\t<div class=\"elementor-widget-wrap elementor-element-populated\">\n\t\t\t\t\t\t<div class=\"elementor-element elementor-element-5fb963a elementor-widget elementor-widget-text-editor\" data-id=\"5fb963a\" data-element_type=\"widget\" data-e-type=\"widget\" data-widget_type=\"text-editor.default\">\n\t\t\t\t<div class=\"elementor-widget-container\">\n\t\t\t\t\t\t\t\t\t<p>SERVICIO A LOS MIEMBROS<\/p>\t\t\t\t\t\t\t\t<\/div>\n\t\t\t\t<\/div>\n\t\t\t\t\t<\/div>\n\t\t<\/div>\n\t\t\t\t<div class=\"elementor-column elementor-col-50 elementor-top-column elementor-element elementor-element-c3adafc\" data-id=\"c3adafc\" data-element_type=\"column\" data-e-type=\"column\" data-settings=\"{&quot;background_background&quot;:&quot;classic&quot;}\">\n\t\t\t<div class=\"elementor-widget-wrap elementor-element-populated\">\n\t\t\t\t\t\t<div class=\"elementor-element elementor-element-e2b2217 elementor-widget elementor-widget-text-editor\" data-id=\"e2b2217\" data-element_type=\"widget\" data-e-type=\"widget\" data-widget_type=\"text-editor.default\">\n\t\t\t\t<div class=\"elementor-widget-container\">\n\t\t\t\t\t\t\t\t\t<p>HABLE CON UNO DE NUESTROS COORDINADORES DE SERVICIOS.<\/p>\t\t\t\t\t\t\t\t<\/div>\n\t\t\t\t<\/div>\n\t\t\t\t<div class=\"elementor-element elementor-element-891deab elementor-widget elementor-widget-text-editor\" data-id=\"891deab\" data-element_type=\"widget\" data-e-type=\"widget\" data-widget_type=\"text-editor.default\">\n\t\t\t\t<div class=\"elementor-widget-container\">\n\t\t\t\t\t\t\t\t\t<p>Estamos aqu\u00ed para apoyarle.<\/p>\n<p>El servicio de atenci\u00f3n al cliente de SHD est\u00e1 formado por Coordinadores de Servicios bien informados que est\u00e1n aqu\u00ed para ayudarle a navegar por el sistema dental actual.<\/p>\n<p>Ll\u00e1menos al (866) 928-3130.  L-V 9am a 5pm EST<\/p>\t\t\t\t\t\t\t\t<\/div>\n\t\t\t\t<\/div>\n\t\t\t\t\t<\/div>\n\t\t<\/div>\n\t\t\t\t\t<\/div>\n\t\t<\/section>\n\t\t\t\t<section class=\"elementor-section elementor-top-section elementor-element elementor-element-ae5ea5d elementor-section-full_width elementor-section-height-default elementor-section-height-default\" data-id=\"ae5ea5d\" data-element_type=\"section\" data-e-type=\"section\">\n\t\t\t\t\t\t<div class=\"elementor-container elementor-column-gap-default\">\n\t\t\t\t\t<div class=\"elementor-column elementor-col-50 elementor-top-column elementor-element elementor-element-9c1e6d7\" data-id=\"9c1e6d7\" data-element_type=\"column\" data-e-type=\"column\" data-settings=\"{&quot;background_background&quot;:&quot;classic&quot;}\">\n\t\t\t<div class=\"elementor-widget-wrap elementor-element-populated\">\n\t\t\t\t\t\t<div class=\"elementor-element elementor-element-5ddc900 elementor-widget elementor-widget-text-editor\" data-id=\"5ddc900\" data-element_type=\"widget\" data-e-type=\"widget\" data-widget_type=\"text-editor.default\">\n\t\t\t\t<div class=\"elementor-widget-container\">\n\t\t\t\t\t\t\t\t\t<p>EMAIL<\/p>\t\t\t\t\t\t\t\t<\/div>\n\t\t\t\t<\/div>\n\t\t\t\t\t<\/div>\n\t\t<\/div>\n\t\t\t\t<div class=\"elementor-column elementor-col-50 elementor-top-column elementor-element elementor-element-b5174fe\" data-id=\"b5174fe\" data-element_type=\"column\" data-e-type=\"column\" data-settings=\"{&quot;background_background&quot;:&quot;classic&quot;}\">\n\t\t\t<div class=\"elementor-widget-wrap elementor-element-populated\">\n\t\t\t\t\t\t<div class=\"elementor-element elementor-element-48c65ce elementor-widget elementor-widget-text-editor\" data-id=\"48c65ce\" data-element_type=\"widget\" data-e-type=\"widget\" data-widget_type=\"text-editor.default\">\n\t\t\t\t<div class=\"elementor-widget-container\">\n\t\t\t\t\t\t\t\t\t<p>Si quiere mantenerse al margen, siempre puede enviarnos un correo electr\u00f3nico a: memberservices@shdinsurance.com<\/p>\t\t\t\t\t\t\t\t<\/div>\n\t\t\t\t<\/div>\n\t\t\t\t\t<\/div>\n\t\t<\/div>\n\t\t\t\t\t<\/div>\n\t\t<\/section>\n\t\t\t\t<section class=\"elementor-section elementor-top-section elementor-element elementor-element-5f9f0a2 elementor-section-boxed elementor-section-height-default elementor-section-height-default\" data-id=\"5f9f0a2\" data-element_type=\"section\" data-e-type=\"section\">\n\t\t\t\t\t\t<div class=\"elementor-container elementor-column-gap-default\">\n\t\t\t\t\t<div class=\"elementor-column elementor-col-100 elementor-top-column elementor-element elementor-element-1d14de4\" data-id=\"1d14de4\" data-element_type=\"column\" data-e-type=\"column\">\n\t\t\t<div class=\"elementor-widget-wrap elementor-element-populated\">\n\t\t\t\t\t\t<div class=\"elementor-element elementor-element-0e7f989 elementor-button-info elementor-align-center elementor-mobile-align-center elementor-widget elementor-widget-button\" data-id=\"0e7f989\" data-element_type=\"widget\" data-e-type=\"widget\" data-widget_type=\"button.default\">\n\t\t\t\t<div class=\"elementor-widget-container\">\n\t\t\t\t\t\t\t\t\t<div class=\"elementor-button-wrapper\">\n\t\t\t\t\t<a class=\"elementor-button elementor-button-link elementor-size-lg\" href=\"#top\">\n\t\t\t\t\t\t<span class=\"elementor-button-content-wrapper\">\n\t\t\t\t\t\t\t\t\t<span class=\"elementor-button-text\">VOLVER ARRIBA<\/span>\n\t\t\t\t\t<\/span>\n\t\t\t\t\t<\/a>\n\t\t\t\t<\/div>\n\t\t\t\t\t\t\t\t<\/div>\n\t\t\t\t<\/div>\n\t\t\t\t\t<\/div>\n\t\t<\/div>\n\t\t\t\t\t<\/div>\n\t\t<\/section>\n\t\t\t\t<section class=\"elementor-section elementor-top-section elementor-element elementor-element-4f8c932 elementor-section-boxed elementor-section-height-default elementor-section-height-default\" data-id=\"4f8c932\" data-element_type=\"section\" data-e-type=\"section\">\n\t\t\t\t\t\t<div class=\"elementor-container elementor-column-gap-default\">\n\t\t\t\t\t<div class=\"elementor-column elementor-col-100 elementor-top-column elementor-element elementor-element-89014a8\" data-id=\"89014a8\" data-element_type=\"column\" data-e-type=\"column\">\n\t\t\t<div class=\"elementor-widget-wrap elementor-element-populated\">\n\t\t\t\t\t\t<div class=\"elementor-element elementor-element-9491c0a elementor-widget elementor-widget-text-editor\" data-id=\"9491c0a\" data-element_type=\"widget\" data-e-type=\"widget\" data-widget_type=\"text-editor.default\">\n\t\t\t\t<div class=\"elementor-widget-container\">\n\t\t\t\t\t\t\t\t\t<p><span style=\"color: #999999;\">Planes impulsados por <a style=\"color: #999999;\" href=\"https:\/\/renaissancefamily.com\/our-company\/why-us\/\" target=\"_blank\" rel=\"noopener\">Renaissance Dental<\/a><\/span><\/p>\t\t\t\t\t\t\t\t<\/div>\n\t\t\t\t<\/div>\n\t\t\t\t\t<\/div>\n\t\t<\/div>\n\t\t\t\t\t<\/div>\n\t\t<\/section>\n\t\t\t\t<\/div>","protected":false},"excerpt":{"rendered":"<p>CONTACT US ENROLLMENT LOOKING FOR A DENTAL PLAN? SHD offers multiple dental insurance and non-insurance plan options designed to fit your needs and budget To speak with an enrollment specialist Call us at (866) 260-2402.\u00a0 M-F 9am to 5pm EST MEMBER SERVICES TALK TO ONE OF OUR CARE COORDINATORS! We\u2019re here to support you! SHD [&hellip;]<\/p>\n","protected":false},"author":2,"featured_media":52,"parent":0,"menu_order":0,"comment_status":"closed","ping_status":"closed","template":"","meta":{"footnotes":""},"class_list":["post-70","page","type-page","status-publish","has-post-thumbnail","hentry"],"yoast_head":"<!-- This site is optimized with the Yoast SEO Premium plugin v27.3 (Yoast SEO v27.3) - https:\/\/yoast.com\/product\/yoast-seo-premium-wordpress\/ -->\n<title>Contact US | SHD Smart Health Dental<\/title>\n<meta name=\"description\" content=\"We\u2019re here to support you! SHD customer service is made up of knowledgeable patient advocates who are here to help you navigate today\u2019s dental care system.\" \/>\n<meta name=\"robots\" content=\"index, follow, max-snippet:-1, max-image-preview:large, max-video-preview:-1\" \/>\n<link rel=\"canonical\" href=\"https:\/\/shdinsurance.com\/es\/contact-us\/\" \/>\n<meta property=\"og:locale\" content=\"es_MX\" \/>\n<meta property=\"og:type\" content=\"article\" \/>\n<meta property=\"og:title\" content=\"Contact Us\" \/>\n<meta property=\"og:description\" content=\"We\u2019re here to support you! SHD customer service is made up of knowledgeable patient advocates who are here to help you navigate today\u2019s dental care system.\" \/>\n<meta property=\"og:url\" content=\"https:\/\/shdinsurance.com\/es\/contact-us\/\" \/>\n<meta property=\"og:site_name\" content=\"SHD Insurance\" \/>\n<meta property=\"article:modified_time\" content=\"2020-09-08T14:09:25+00:00\" \/>\n<meta property=\"og:image\" content=\"https:\/\/shdinsurance.com\/wp-content\/uploads\/2020\/02\/shd-insurance-logo-vertical.png\" \/>\n\t<meta property=\"og:image:width\" content=\"1072\" \/>\n\t<meta property=\"og:image:height\" content=\"1072\" \/>\n\t<meta property=\"og:image:type\" content=\"image\/png\" \/>\n<meta name=\"twitter:card\" content=\"summary_large_image\" \/>\n<meta name=\"twitter:label1\" content=\"Tiempo de lectura\" \/>\n\t<meta name=\"twitter:data1\" content=\"1 minuto\" \/>\n<script type=\"application\/ld+json\" class=\"yoast-schema-graph\">{\"@context\":\"https:\\\/\\\/schema.org\",\"@graph\":[{\"@type\":\"WebPage\",\"@id\":\"https:\\\/\\\/shdinsurance.com\\\/contact-us\\\/\",\"url\":\"https:\\\/\\\/shdinsurance.com\\\/contact-us\\\/\",\"name\":\"Contact US | SHD Smart Health Dental\",\"isPartOf\":{\"@id\":\"https:\\\/\\\/shdinsurance.com\\\/es\\\/#website\"},\"primaryImageOfPage\":{\"@id\":\"https:\\\/\\\/shdinsurance.com\\\/contact-us\\\/#primaryimage\"},\"image\":{\"@id\":\"https:\\\/\\\/shdinsurance.com\\\/contact-us\\\/#primaryimage\"},\"thumbnailUrl\":\"https:\\\/\\\/shdinsurance.com\\\/wp-content\\\/uploads\\\/2020\\\/02\\\/shd-insurance-logo-vertical.png\",\"datePublished\":\"2020-02-14T16:42:14+00:00\",\"dateModified\":\"2020-09-08T14:09:25+00:00\",\"description\":\"We\u2019re here to support you! SHD customer service is made up of knowledgeable patient advocates who are here to help you navigate today\u2019s dental care system.\",\"breadcrumb\":{\"@id\":\"https:\\\/\\\/shdinsurance.com\\\/contact-us\\\/#breadcrumb\"},\"inLanguage\":\"es\",\"potentialAction\":[{\"@type\":\"ReadAction\",\"target\":[\"https:\\\/\\\/shdinsurance.com\\\/contact-us\\\/\"]}]},{\"@type\":\"ImageObject\",\"inLanguage\":\"es\",\"@id\":\"https:\\\/\\\/shdinsurance.com\\\/contact-us\\\/#primaryimage\",\"url\":\"https:\\\/\\\/shdinsurance.com\\\/wp-content\\\/uploads\\\/2020\\\/02\\\/shd-insurance-logo-vertical.png\",\"contentUrl\":\"https:\\\/\\\/shdinsurance.com\\\/wp-content\\\/uploads\\\/2020\\\/02\\\/shd-insurance-logo-vertical.png\",\"width\":1072,\"height\":1072,\"caption\":\"shd insurance\"},{\"@type\":\"BreadcrumbList\",\"@id\":\"https:\\\/\\\/shdinsurance.com\\\/contact-us\\\/#breadcrumb\",\"itemListElement\":[{\"@type\":\"ListItem\",\"position\":1,\"name\":\"Home\",\"item\":\"https:\\\/\\\/shdinsurance.com\\\/\"},{\"@type\":\"ListItem\",\"position\":2,\"name\":\"Contact Us\"}]},{\"@type\":\"WebSite\",\"@id\":\"https:\\\/\\\/shdinsurance.com\\\/es\\\/#website\",\"url\":\"https:\\\/\\\/shdinsurance.com\\\/es\\\/\",\"name\":\"SHD Insurance\",\"description\":\"Dental Insurance Plans\",\"publisher\":{\"@id\":\"https:\\\/\\\/shdinsurance.com\\\/es\\\/#organization\"},\"potentialAction\":[{\"@type\":\"SearchAction\",\"target\":{\"@type\":\"EntryPoint\",\"urlTemplate\":\"https:\\\/\\\/shdinsurance.com\\\/es\\\/?s={search_term_string}\"},\"query-input\":{\"@type\":\"PropertyValueSpecification\",\"valueRequired\":true,\"valueName\":\"search_term_string\"}}],\"inLanguage\":\"es\"},{\"@type\":\"Organization\",\"@id\":\"https:\\\/\\\/shdinsurance.com\\\/es\\\/#organization\",\"name\":\"SHD\",\"url\":\"https:\\\/\\\/shdinsurance.com\\\/es\\\/\",\"logo\":{\"@type\":\"ImageObject\",\"inLanguage\":\"es\",\"@id\":\"https:\\\/\\\/shdinsurance.com\\\/es\\\/#\\\/schema\\\/logo\\\/image\\\/\",\"url\":\"https:\\\/\\\/shdinsurance.com\\\/wp-content\\\/uploads\\\/2020\\\/02\\\/shd-insurance-logo-vertical.png\",\"contentUrl\":\"https:\\\/\\\/shdinsurance.com\\\/wp-content\\\/uploads\\\/2020\\\/02\\\/shd-insurance-logo-vertical.png\",\"width\":1072,\"height\":1072,\"caption\":\"SHD\"},\"image\":{\"@id\":\"https:\\\/\\\/shdinsurance.com\\\/es\\\/#\\\/schema\\\/logo\\\/image\\\/\"}}]}<\/script>\n<!-- \/ Yoast SEO Premium plugin. -->","yoast_head_json":{"title":"Contacto | SHD Smart Health Dental","description":"\u00a1Estamos aqu\u00ed para apoyarle! El servicio de atenci\u00f3n al cliente de SHD est\u00e1 formado por defensores del paciente bien informados que est\u00e1n aqu\u00ed para ayudarle a navegar por el sistema de atenci\u00f3n dental actual.","robots":{"index":"index","follow":"follow","max-snippet":"max-snippet:-1","max-image-preview":"max-image-preview:large","max-video-preview":"max-video-preview:-1"},"canonical":"https:\/\/shdinsurance.com\/es\/contact-us\/","og_locale":"es_MX","og_type":"article","og_title":"Contact Us","og_description":"We\u2019re here to support you! SHD customer service is made up of knowledgeable patient advocates who are here to help you navigate today\u2019s dental care system.","og_url":"https:\/\/shdinsurance.com\/es\/contact-us\/","og_site_name":"SHD Insurance","article_modified_time":"2020-09-08T14:09:25+00:00","og_image":[{"width":1072,"height":1072,"url":"https:\/\/shdinsurance.com\/wp-content\/uploads\/2020\/02\/shd-insurance-logo-vertical.png","type":"image\/png"}],"twitter_card":"summary_large_image","twitter_misc":{"Tiempo de lectura":"1 minuto"},"schema":{"@context":"https:\/\/schema.org","@graph":[{"@type":"WebPage","@id":"https:\/\/shdinsurance.com\/contact-us\/","url":"https:\/\/shdinsurance.com\/contact-us\/","name":"Contacto | SHD Smart Health Dental","isPartOf":{"@id":"https:\/\/shdinsurance.com\/es\/#website"},"primaryImageOfPage":{"@id":"https:\/\/shdinsurance.com\/contact-us\/#primaryimage"},"image":{"@id":"https:\/\/shdinsurance.com\/contact-us\/#primaryimage"},"thumbnailUrl":"https:\/\/shdinsurance.com\/wp-content\/uploads\/2020\/02\/shd-insurance-logo-vertical.png","datePublished":"2020-02-14T16:42:14+00:00","dateModified":"2020-09-08T14:09:25+00:00","description":"\u00a1Estamos aqu\u00ed para apoyarle! El servicio de atenci\u00f3n al cliente de SHD est\u00e1 formado por defensores del paciente bien informados que est\u00e1n aqu\u00ed para ayudarle a navegar por el sistema de atenci\u00f3n dental actual.","breadcrumb":{"@id":"https:\/\/shdinsurance.com\/contact-us\/#breadcrumb"},"inLanguage":"es","potentialAction":[{"@type":"ReadAction","target":["https:\/\/shdinsurance.com\/contact-us\/"]}]},{"@type":"ImageObject","inLanguage":"es","@id":"https:\/\/shdinsurance.com\/contact-us\/#primaryimage","url":"https:\/\/shdinsurance.com\/wp-content\/uploads\/2020\/02\/shd-insurance-logo-vertical.png","contentUrl":"https:\/\/shdinsurance.com\/wp-content\/uploads\/2020\/02\/shd-insurance-logo-vertical.png","width":1072,"height":1072,"caption":"shd insurance"},{"@type":"BreadcrumbList","@id":"https:\/\/shdinsurance.com\/contact-us\/#breadcrumb","itemListElement":[{"@type":"ListItem","position":1,"name":"Home","item":"https:\/\/shdinsurance.com\/"},{"@type":"ListItem","position":2,"name":"Contact Us"}]},{"@type":"WebSite","@id":"https:\/\/shdinsurance.com\/es\/#website","url":"https:\/\/shdinsurance.com\/es\/","name":"Seguros SHD","description":"Planes de seguro dental","publisher":{"@id":"https:\/\/shdinsurance.com\/es\/#organization"},"potentialAction":[{"@type":"SearchAction","target":{"@type":"EntryPoint","urlTemplate":"https:\/\/shdinsurance.com\/es\/?s={search_term_string}"},"query-input":{"@type":"PropertyValueSpecification","valueRequired":true,"valueName":"search_term_string"}}],"inLanguage":"es"},{"@type":"Organization","@id":"https:\/\/shdinsurance.com\/es\/#organization","name":"SHD","url":"https:\/\/shdinsurance.com\/es\/","logo":{"@type":"ImageObject","inLanguage":"es","@id":"https:\/\/shdinsurance.com\/es\/#\/schema\/logo\/image\/","url":"https:\/\/shdinsurance.com\/wp-content\/uploads\/2020\/02\/shd-insurance-logo-vertical.png","contentUrl":"https:\/\/shdinsurance.com\/wp-content\/uploads\/2020\/02\/shd-insurance-logo-vertical.png","width":1072,"height":1072,"caption":"SHD"},"image":{"@id":"https:\/\/shdinsurance.com\/es\/#\/schema\/logo\/image\/"}}]}},"_links":{"self":[{"href":"https:\/\/shdinsurance.com\/es\/wp-json\/wp\/v2\/pages\/70","targetHints":{"allow":["GET"]}}],"collection":[{"href":"https:\/\/shdinsurance.com\/es\/wp-json\/wp\/v2\/pages"}],"about":[{"href":"https:\/\/shdinsurance.com\/es\/wp-json\/wp\/v2\/types\/page"}],"author":[{"embeddable":true,"href":"https:\/\/shdinsurance.com\/es\/wp-json\/wp\/v2\/users\/2"}],"replies":[{"embeddable":true,"href":"https:\/\/shdinsurance.com\/es\/wp-json\/wp\/v2\/comments?post=70"}],"version-history":[{"count":33,"href":"https:\/\/shdinsurance.com\/es\/wp-json\/wp\/v2\/pages\/70\/revisions"}],"predecessor-version":[{"id":2052,"href":"https:\/\/shdinsurance.com\/es\/wp-json\/wp\/v2\/pages\/70\/revisions\/2052"}],"wp:featuredmedia":[{"embeddable":true,"href":"https:\/\/shdinsurance.com\/es\/wp-json\/wp\/v2\/media\/52"}],"wp:attachment":[{"href":"https:\/\/shdinsurance.com\/es\/wp-json\/wp\/v2\/media?parent=70"}],"curies":[{"name":"wp","href":"https:\/\/api.w.org\/{rel}","templated":true}]}}