{"id":4295,"date":"2024-10-24T13:17:01","date_gmt":"2024-10-24T13:17:01","guid":{"rendered":"https:\/\/shdinsurance.com\/?page_id=4295"},"modified":"2024-10-24T13:23:33","modified_gmt":"2024-10-24T13:23:33","slug":"thank-you-shdi-appointments","status":"publish","type":"page","link":"https:\/\/shdinsurance.com\/es\/thank-you-shdi-appointments\/","title":{"rendered":"Gracias - SHDI-APPOINTMENTS"},"content":{"rendered":"<div data-elementor-type=\"wp-page\" data-elementor-id=\"4295\" class=\"elementor elementor-4295\" data-elementor-post-type=\"page\">\n\t\t\t\t\t\t<section class=\"elementor-section elementor-top-section elementor-element elementor-element-4f3eb5f elementor-section-boxed elementor-section-height-default elementor-section-height-default\" data-id=\"4f3eb5f\" data-element_type=\"section\" data-e-type=\"section\" data-settings=\"{&quot;background_background&quot;:&quot;classic&quot;}\">\n\t\t\t\t\t\t<div class=\"elementor-container elementor-column-gap-default\">\n\t\t\t\t\t<div class=\"elementor-column elementor-col-50 elementor-top-column elementor-element elementor-element-10c1590\" data-id=\"10c1590\" data-element_type=\"column\" data-e-type=\"column\">\n\t\t\t<div class=\"elementor-widget-wrap elementor-element-populated\">\n\t\t\t\t\t\t<div class=\"elementor-element elementor-element-a5ea9ff elementor-hidden-desktop elementor-hidden-tablet elementor-widget elementor-widget-image\" data-id=\"a5ea9ff\" data-element_type=\"widget\" data-e-type=\"widget\" data-widget_type=\"image.default\">\n\t\t\t\t<div class=\"elementor-widget-container\">\n\t\t\t\t\t\t\t\t\t\t\t\t\t\t\t<img fetchpriority=\"high\" decoding=\"async\" width=\"800\" height=\"441\" src=\"https:\/\/shdinsurance.com\/wp-content\/uploads\/2020\/03\/dental-discount-plans-1280x700-1-1024x565.jpg\" class=\"attachment-large size-large wp-image-522\" alt=\"planes de descuento dental\" srcset=\"https:\/\/shdinsurance.com\/wp-content\/uploads\/2020\/03\/dental-discount-plans-1280x700-1-1024x565.jpg 1024w, https:\/\/shdinsurance.com\/wp-content\/uploads\/2020\/03\/dental-discount-plans-1280x700-1-300x166.jpg 300w, https:\/\/shdinsurance.com\/wp-content\/uploads\/2020\/03\/dental-discount-plans-1280x700-1-768x424.jpg 768w, https:\/\/shdinsurance.com\/wp-content\/uploads\/2020\/03\/dental-discount-plans-1280x700-1.jpg 1268w\" sizes=\"(max-width: 800px) 100vw, 800px\" \/>\t\t\t\t\t\t\t\t\t\t\t\t\t\t\t<\/div>\n\t\t\t\t<\/div>\n\t\t\t\t\t<\/div>\n\t\t<\/div>\n\t\t\t\t<div class=\"elementor-column elementor-col-50 elementor-top-column elementor-element elementor-element-44fc51e\" data-id=\"44fc51e\" data-element_type=\"column\" data-e-type=\"column\" data-settings=\"{&quot;background_background&quot;:&quot;classic&quot;}\">\n\t\t\t<div class=\"elementor-widget-wrap elementor-element-populated\">\n\t\t\t\t\t\t<div class=\"elementor-element elementor-element-41a8f42 elementor-widget elementor-widget-heading\" data-id=\"41a8f42\" data-element_type=\"widget\" data-e-type=\"widget\" data-widget_type=\"heading.default\">\n\t\t\t\t<div class=\"elementor-widget-container\">\n\t\t\t\t\t<h1 class=\"elementor-heading-title elementor-size-default\">Gracias por enviar su solicitud.<\/h1>\t\t\t\t<\/div>\n\t\t\t\t<\/div>\n\t\t\t\t<div class=\"elementor-element elementor-element-080a3e1 elementor-widget elementor-widget-text-editor\" data-id=\"080a3e1\" data-element_type=\"widget\" data-e-type=\"widget\" data-widget_type=\"text-editor.default\">\n\t\t\t\t<div class=\"elementor-widget-container\">\n\t\t\t\t\t\t\t\t\t<p>Uno de nuestros Expertos en Defensa del Paciente revisar\u00e1 su informaci\u00f3n y se pondr\u00e1 en contacto con usted para concertar una cita lo antes posible.<\/p>\t\t\t\t\t\t\t\t<\/div>\n\t\t\t\t<\/div>\n\t\t\t\t\t<\/div>\n\t\t<\/div>\n\t\t\t\t\t<\/div>\n\t\t<\/section>\n\t\t\t\t<\/div>","protected":false},"excerpt":{"rendered":"<p>Gracias por enviar su solicitud. Uno de nuestros expertos en atenci\u00f3n al paciente revisar\u00e1 su informaci\u00f3n y se pondr\u00e1 en contacto con usted para concertar una cita lo antes posible.<\/p>","protected":false},"author":2,"featured_media":52,"parent":0,"menu_order":0,"comment_status":"closed","ping_status":"closed","template":"elementor_header_footer","meta":{"footnotes":""},"class_list":["post-4295","page","type-page","status-publish","has-post-thumbnail","hentry"],"yoast_head":"<!-- This site is optimized with the Yoast SEO Premium plugin v27.3 (Yoast SEO v27.3) - https:\/\/yoast.com\/product\/yoast-seo-premium-wordpress\/ -->\n<title>Thank You - SHDI-APPOINTMENTS - SHD Insurance<\/title>\n<meta name=\"robots\" content=\"noindex, nofollow\" \/>\n<meta property=\"og:locale\" content=\"es_MX\" \/>\n<meta property=\"og:type\" content=\"article\" \/>\n<meta property=\"og:title\" content=\"Thank You - SHDI-APPOINTMENTS\" \/>\n<meta property=\"og:description\" content=\"Thank you for submitting your request! One of our Patient Advocate Experts will review your information and contact you to schedule an appointment as soon as possible.\" \/>\n<meta property=\"og:url\" content=\"https:\/\/shdinsurance.com\/es\/thank-you-shdi-appointments\/\" \/>\n<meta property=\"og:site_name\" content=\"SHD Insurance\" \/>\n<meta property=\"article:modified_time\" content=\"2024-10-24T13:23:33+00:00\" \/>\n<meta property=\"og:image\" content=\"https:\/\/shdinsurance.com\/wp-content\/uploads\/2020\/02\/shd-insurance-logo-vertical.png\" \/>\n\t<meta property=\"og:image:width\" content=\"1072\" \/>\n\t<meta property=\"og:image:height\" content=\"1072\" \/>\n\t<meta property=\"og:image:type\" content=\"image\/png\" \/>\n<meta name=\"twitter:card\" content=\"summary_large_image\" \/>\n<meta name=\"twitter:label1\" content=\"Tiempo de lectura\" \/>\n\t<meta name=\"twitter:data1\" content=\"1 minuto\" \/>\n<!-- \/ Yoast SEO Premium plugin. -->","yoast_head_json":{"title":"Gracias - SHDI-APPOINTMENTS - SHD Seguros","robots":{"index":"noindex","follow":"nofollow"},"og_locale":"es_MX","og_type":"article","og_title":"Thank You - SHDI-APPOINTMENTS","og_description":"Thank you for submitting your request! One of our Patient Advocate Experts will review your information and contact you to schedule an appointment as soon as possible.","og_url":"https:\/\/shdinsurance.com\/es\/thank-you-shdi-appointments\/","og_site_name":"SHD Insurance","article_modified_time":"2024-10-24T13:23:33+00:00","og_image":[{"width":1072,"height":1072,"url":"https:\/\/shdinsurance.com\/wp-content\/uploads\/2020\/02\/shd-insurance-logo-vertical.png","type":"image\/png"}],"twitter_card":"summary_large_image","twitter_misc":{"Tiempo de lectura":"1 minuto"},"schema":{"@context":"https:\/\/schema.org","@graph":[{"@type":"WebPage","@id":"https:\/\/shdinsurance.com\/thank-you-shdi-appointments\/","url":"https:\/\/shdinsurance.com\/thank-you-shdi-appointments\/","name":"Gracias - SHDI-APPOINTMENTS - SHD Seguros","isPartOf":{"@id":"https:\/\/shdinsurance.com\/es\/#website"},"primaryImageOfPage":{"@id":"https:\/\/shdinsurance.com\/thank-you-shdi-appointments\/#primaryimage"},"image":{"@id":"https:\/\/shdinsurance.com\/thank-you-shdi-appointments\/#primaryimage"},"thumbnailUrl":"https:\/\/shdinsurance.com\/wp-content\/uploads\/2020\/02\/shd-insurance-logo-vertical.png","datePublished":"2024-10-24T13:17:01+00:00","dateModified":"2024-10-24T13:23:33+00:00","breadcrumb":{"@id":"https:\/\/shdinsurance.com\/thank-you-shdi-appointments\/#breadcrumb"},"inLanguage":"es","potentialAction":[{"@type":"ReadAction","target":["https:\/\/shdinsurance.com\/thank-you-shdi-appointments\/"]}]},{"@type":"ImageObject","inLanguage":"es","@id":"https:\/\/shdinsurance.com\/thank-you-shdi-appointments\/#primaryimage","url":"https:\/\/shdinsurance.com\/wp-content\/uploads\/2020\/02\/shd-insurance-logo-vertical.png","contentUrl":"https:\/\/shdinsurance.com\/wp-content\/uploads\/2020\/02\/shd-insurance-logo-vertical.png","width":1072,"height":1072,"caption":"shd insurance"},{"@type":"BreadcrumbList","@id":"https:\/\/shdinsurance.com\/thank-you-shdi-appointments\/#breadcrumb","itemListElement":[{"@type":"ListItem","position":1,"name":"Home","item":"https:\/\/shdinsurance.com\/"},{"@type":"ListItem","position":2,"name":"Thank You &#8211; SHDI-APPOINTMENTS"}]},{"@type":"WebSite","@id":"https:\/\/shdinsurance.com\/es\/#website","url":"https:\/\/shdinsurance.com\/es\/","name":"Seguros SHD","description":"Planes de seguro dental","publisher":{"@id":"https:\/\/shdinsurance.com\/es\/#organization"},"potentialAction":[{"@type":"SearchAction","target":{"@type":"EntryPoint","urlTemplate":"https:\/\/shdinsurance.com\/es\/?s={search_term_string}"},"query-input":{"@type":"PropertyValueSpecification","valueRequired":true,"valueName":"search_term_string"}}],"inLanguage":"es"},{"@type":"Organization","@id":"https:\/\/shdinsurance.com\/es\/#organization","name":"SHD","url":"https:\/\/shdinsurance.com\/es\/","logo":{"@type":"ImageObject","inLanguage":"es","@id":"https:\/\/shdinsurance.com\/es\/#\/schema\/logo\/image\/","url":"https:\/\/shdinsurance.com\/wp-content\/uploads\/2020\/02\/shd-insurance-logo-vertical.png","contentUrl":"https:\/\/shdinsurance.com\/wp-content\/uploads\/2020\/02\/shd-insurance-logo-vertical.png","width":1072,"height":1072,"caption":"SHD"},"image":{"@id":"https:\/\/shdinsurance.com\/es\/#\/schema\/logo\/image\/"}}]}},"_links":{"self":[{"href":"https:\/\/shdinsurance.com\/es\/wp-json\/wp\/v2\/pages\/4295","targetHints":{"allow":["GET"]}}],"collection":[{"href":"https:\/\/shdinsurance.com\/es\/wp-json\/wp\/v2\/pages"}],"about":[{"href":"https:\/\/shdinsurance.com\/es\/wp-json\/wp\/v2\/types\/page"}],"author":[{"embeddable":true,"href":"https:\/\/shdinsurance.com\/es\/wp-json\/wp\/v2\/users\/2"}],"replies":[{"embeddable":true,"href":"https:\/\/shdinsurance.com\/es\/wp-json\/wp\/v2\/comments?post=4295"}],"version-history":[{"count":8,"href":"https:\/\/shdinsurance.com\/es\/wp-json\/wp\/v2\/pages\/4295\/revisions"}],"predecessor-version":[{"id":4306,"href":"https:\/\/shdinsurance.com\/es\/wp-json\/wp\/v2\/pages\/4295\/revisions\/4306"}],"wp:featuredmedia":[{"embeddable":true,"href":"https:\/\/shdinsurance.com\/es\/wp-json\/wp\/v2\/media\/52"}],"wp:attachment":[{"href":"https:\/\/shdinsurance.com\/es\/wp-json\/wp\/v2\/media?parent=4295"}],"curies":[{"name":"wp","href":"https:\/\/api.w.org\/{rel}","templated":true}]}}