{"id":3467,"date":"2023-05-19T13:48:35","date_gmt":"2023-05-19T13:48:35","guid":{"rendered":"https:\/\/shdinsurance.com\/?page_id=3467"},"modified":"2024-09-10T13:14:56","modified_gmt":"2024-09-10T13:14:56","slug":"customer-service","status":"publish","type":"page","link":"https:\/\/shdinsurance.com\/es\/customer-service\/","title":{"rendered":"Servicio al cliente"},"content":{"rendered":"<div data-elementor-type=\"wp-page\" data-elementor-id=\"3467\" class=\"elementor elementor-3467\" data-elementor-post-type=\"page\">\n\t\t\t\t\t\t<section class=\"elementor-section elementor-top-section elementor-element elementor-element-d945815 elementor-section-full_width elementor-section-height-default elementor-section-height-default\" data-id=\"d945815\" data-element_type=\"section\" data-e-type=\"section\">\n\t\t\t\t\t\t<div class=\"elementor-container elementor-column-gap-default\">\n\t\t\t\t\t<div class=\"elementor-column elementor-col-100 elementor-top-column elementor-element elementor-element-2e1022d\" data-id=\"2e1022d\" data-element_type=\"column\" data-e-type=\"column\">\n\t\t\t<div class=\"elementor-widget-wrap elementor-element-populated\">\n\t\t\t\t\t\t<div class=\"elementor-element elementor-element-fbe4141 elementor-widget elementor-widget-menu-anchor\" data-id=\"fbe4141\" data-element_type=\"widget\" data-e-type=\"widget\" data-widget_type=\"menu-anchor.default\">\n\t\t\t\t<div class=\"elementor-widget-container\">\n\t\t\t\t\t\t\t<div class=\"elementor-menu-anchor\" id=\"top\"><\/div>\n\t\t\t\t\t\t<\/div>\n\t\t\t\t<\/div>\n\t\t\t\t<div class=\"elementor-element elementor-element-fd8bf21 elementor-widget elementor-widget-heading\" data-id=\"fd8bf21\" data-element_type=\"widget\" data-e-type=\"widget\" data-widget_type=\"heading.default\">\n\t\t\t\t<div class=\"elementor-widget-container\">\n\t\t\t\t\t<h2 class=\"elementor-heading-title elementor-size-default\">SERVICIO DE ATENCI\u00d3N AL CLIENTE DE SHD<\/h2>\t\t\t\t<\/div>\n\t\t\t\t<\/div>\n\t\t\t\t\t<\/div>\n\t\t<\/div>\n\t\t\t\t\t<\/div>\n\t\t<\/section>\n\t\t\t\t<section class=\"elementor-section elementor-top-section elementor-element elementor-element-36b4e58 elementor-section-full_width elementor-section-height-default elementor-section-height-default\" data-id=\"36b4e58\" data-element_type=\"section\" data-e-type=\"section\" data-settings=\"{&quot;background_background&quot;:&quot;classic&quot;}\">\n\t\t\t\t\t\t<div class=\"elementor-container elementor-column-gap-default\">\n\t\t\t\t\t<div class=\"elementor-column elementor-col-50 elementor-top-column elementor-element elementor-element-93da089\" data-id=\"93da089\" data-element_type=\"column\" data-e-type=\"column\">\n\t\t\t<div class=\"elementor-widget-wrap elementor-element-populated\">\n\t\t\t\t\t\t<div class=\"elementor-element elementor-element-5691bc8 elementor-hidden-desktop elementor-hidden-tablet elementor-widget elementor-widget-image\" data-id=\"5691bc8\" data-element_type=\"widget\" data-e-type=\"widget\" data-widget_type=\"image.default\">\n\t\t\t\t<div class=\"elementor-widget-container\">\n\t\t\t\t\t\t\t\t\t\t\t\t\t\t\t<img fetchpriority=\"high\" decoding=\"async\" width=\"800\" height=\"442\" src=\"https:\/\/shdinsurance.com\/wp-content\/uploads\/2020\/03\/dentist-near-me-1260x700-1-1024x566.jpg\" class=\"attachment-large size-large wp-image-784\" alt=\"dentista cerca de m\u00ed\" srcset=\"https:\/\/shdinsurance.com\/wp-content\/uploads\/2020\/03\/dentist-near-me-1260x700-1-1024x566.jpg 1024w, https:\/\/shdinsurance.com\/wp-content\/uploads\/2020\/03\/dentist-near-me-1260x700-1-300x166.jpg 300w, https:\/\/shdinsurance.com\/wp-content\/uploads\/2020\/03\/dentist-near-me-1260x700-1-768x424.jpg 768w, https:\/\/shdinsurance.com\/wp-content\/uploads\/2020\/03\/dentist-near-me-1260x700-1.jpg 1267w\" sizes=\"(max-width: 800px) 100vw, 800px\" \/>\t\t\t\t\t\t\t\t\t\t\t\t\t\t\t<\/div>\n\t\t\t\t<\/div>\n\t\t\t\t\t<\/div>\n\t\t<\/div>\n\t\t\t\t<div class=\"elementor-column elementor-col-50 elementor-top-column elementor-element elementor-element-21a1fde\" data-id=\"21a1fde\" data-element_type=\"column\" data-e-type=\"column\">\n\t\t\t<div class=\"elementor-widget-wrap elementor-element-populated\">\n\t\t\t\t\t\t<div class=\"elementor-element elementor-element-72eff2a elementor-widget elementor-widget-heading\" data-id=\"72eff2a\" data-element_type=\"widget\" data-e-type=\"widget\" data-widget_type=\"heading.default\">\n\t\t\t\t<div class=\"elementor-widget-container\">\n\t\t\t\t\t<h2 class=\"elementor-heading-title elementor-size-default\">Bienvenido a nuestro portal de servicio para miembros<\/h2>\t\t\t\t<\/div>\n\t\t\t\t<\/div>\n\t\t\t\t<div class=\"elementor-element elementor-element-b1782f8 elementor-widget elementor-widget-text-editor\" data-id=\"b1782f8\" data-element_type=\"widget\" data-e-type=\"widget\" data-widget_type=\"text-editor.default\">\n\t\t\t\t<div class=\"elementor-widget-container\">\n\t\t\t\t\t\t\t\t\t<p>Estamos aqu\u00ed para apoyarle.<\/p><p>El servicio de atenci\u00f3n al cliente de SHD est\u00e1 formado por Coordinadores de Servicios bien informados que est\u00e1n aqu\u00ed para ayudarle a navegar por el sistema dental actual.<\/p><p>Ll\u00e1menos al <strong>(866) 928-3130<\/strong>.  De lunes a viernes de 9am a 5pm EST<\/p><p>O env\u00edenos un correo electr\u00f3nico a <strong>memberservices@shdinsurance.com<\/strong><\/p>\t\t\t\t\t\t\t\t<\/div>\n\t\t\t\t<\/div>\n\t\t\t\t\t<\/div>\n\t\t<\/div>\n\t\t\t\t\t<\/div>\n\t\t<\/section>\n\t\t\t\t<section class=\"elementor-section elementor-top-section elementor-element elementor-element-6a8a2f2 elementor-section-boxed elementor-section-height-default elementor-section-height-default\" data-id=\"6a8a2f2\" data-element_type=\"section\" data-e-type=\"section\" data-settings=\"{&quot;background_background&quot;:&quot;classic&quot;}\">\n\t\t\t\t\t\t<div class=\"elementor-container elementor-column-gap-default\">\n\t\t\t\t\t<div class=\"elementor-column elementor-col-100 elementor-top-column elementor-element elementor-element-bdcbfca\" data-id=\"bdcbfca\" data-element_type=\"column\" data-e-type=\"column\">\n\t\t\t<div class=\"elementor-widget-wrap elementor-element-populated\">\n\t\t\t\t\t\t<div class=\"elementor-element elementor-element-f56fb11 elementor-widget elementor-widget-heading\" data-id=\"f56fb11\" data-element_type=\"widget\" data-e-type=\"widget\" data-widget_type=\"heading.default\">\n\t\t\t\t<div class=\"elementor-widget-container\">\n\t\t\t\t\t<h2 class=\"elementor-heading-title elementor-size-default\">Coordinadores de Servicios<\/h2>\t\t\t\t<\/div>\n\t\t\t\t<\/div>\n\t\t\t\t<div class=\"elementor-element elementor-element-24c6e43 elementor-widget elementor-widget-text-editor\" data-id=\"24c6e43\" data-element_type=\"widget\" data-e-type=\"widget\" data-widget_type=\"text-editor.default\">\n\t\t\t\t<div class=\"elementor-widget-container\">\n\t\t\t\t\t\t\t\t\t<p>Con el apoyo de nuestro equipo, podr\u00e1 sacar el m\u00e1ximo partido a su plan dental. Nuestros coordinadores de atenci\u00f3n est\u00e1n aqu\u00ed para ayudarle:<\/p>\n<ul>\n<li>Encuentre un dentista autorizado que ofrezca una atenci\u00f3n de calidad.<\/li>\n<li>Reserve c\u00f3modamente una cita.<\/li>\n<li>Encuentre el precio m\u00e1s bajo para su servicio o procedimiento dental.<\/li>\n<li>Conozca sus opciones de cobertura y las prestaciones del plan dental.<\/li>\n<\/ul>\n<div>&nbsp;<\/div>\n<p>Aseg\u00farese de llamar a nuestros coordinadores de servicios antes de reservar una cita con un proveedor dental. De esta manera, no habr\u00e1 sorpresas cuando se presente a su visita.<\/p>\t\t\t\t\t\t\t\t<\/div>\n\t\t\t\t<\/div>\n\t\t\t\t\t<\/div>\n\t\t<\/div>\n\t\t\t\t\t<\/div>\n\t\t<\/section>\n\t\t\t\t<section class=\"elementor-section elementor-top-section elementor-element elementor-element-f41c1a5 elementor-section-boxed elementor-section-height-default elementor-section-height-default\" data-id=\"f41c1a5\" data-element_type=\"section\" data-e-type=\"section\">\n\t\t\t\t\t\t<div class=\"elementor-container elementor-column-gap-default\">\n\t\t\t\t\t<div class=\"elementor-column elementor-col-100 elementor-top-column elementor-element elementor-element-547d8cd\" data-id=\"547d8cd\" data-element_type=\"column\" data-e-type=\"column\">\n\t\t\t<div class=\"elementor-widget-wrap elementor-element-populated\">\n\t\t\t\t\t\t<div class=\"elementor-element elementor-element-75f610d elementor-button-info elementor-align-center elementor-widget elementor-widget-button\" data-id=\"75f610d\" data-element_type=\"widget\" data-e-type=\"widget\" data-widget_type=\"button.default\">\n\t\t\t\t<div class=\"elementor-widget-container\">\n\t\t\t\t\t\t\t\t\t<div class=\"elementor-button-wrapper\">\n\t\t\t\t\t<a class=\"elementor-button elementor-button-link elementor-size-lg\" href=\"#top\">\n\t\t\t\t\t\t<span class=\"elementor-button-content-wrapper\">\n\t\t\t\t\t\t\t\t\t<span class=\"elementor-button-text\">VOLVER ARRIBA<\/span>\n\t\t\t\t\t<\/span>\n\t\t\t\t\t<\/a>\n\t\t\t\t<\/div>\n\t\t\t\t\t\t\t\t<\/div>\n\t\t\t\t<\/div>\n\t\t\t\t\t<\/div>\n\t\t<\/div>\n\t\t\t\t\t<\/div>\n\t\t<\/section>\n\t\t\t\t<section class=\"elementor-section elementor-top-section elementor-element elementor-element-c5800f2 elementor-section-boxed elementor-section-height-default elementor-section-height-default\" data-id=\"c5800f2\" data-element_type=\"section\" data-e-type=\"section\">\n\t\t\t\t\t\t<div class=\"elementor-container elementor-column-gap-default\">\n\t\t\t\t\t<div class=\"elementor-column elementor-col-100 elementor-top-column elementor-element elementor-element-46d7e8a\" data-id=\"46d7e8a\" data-element_type=\"column\" data-e-type=\"column\">\n\t\t\t<div class=\"elementor-widget-wrap elementor-element-populated\">\n\t\t\t\t\t\t<div class=\"elementor-element elementor-element-b0172e6 elementor-widget elementor-widget-text-editor\" data-id=\"b0172e6\" data-element_type=\"widget\" data-e-type=\"widget\" data-widget_type=\"text-editor.default\">\n\t\t\t\t<div class=\"elementor-widget-container\">\n\t\t\t\t\t\t\t\t\t<p><span style=\"color: #999999;\">Planes impulsados por <a style=\"color: #999999;\" href=\"https:\/\/renaissancefamily.com\/our-company\/why-us\/\" target=\"_blank\" rel=\"noopener\">Renaissance Dental<\/a><\/span><\/p>\t\t\t\t\t\t\t\t<\/div>\n\t\t\t\t<\/div>\n\t\t\t\t\t<\/div>\n\t\t<\/div>\n\t\t\t\t\t<\/div>\n\t\t<\/section>\n\t\t\t\t<\/div>","protected":false},"excerpt":{"rendered":"<p>SHD CUSTOMER SERVICE Welcome to our Member Support Page We\u2019re here to support you! SHD customer service is made up of knowledgeable patient advocates who are here to help you navigate today\u2019s dental care system. Call us at (866) 928-3130.\u00a0 M-F 9am to 5pm EST Or email us at memberservices@shdinsurance.com Care Coordinators With our team\u2019s [&hellip;]<\/p>\n","protected":false},"author":2,"featured_media":52,"parent":0,"menu_order":0,"comment_status":"closed","ping_status":"closed","template":"","meta":{"footnotes":""},"class_list":["post-3467","page","type-page","status-publish","has-post-thumbnail","hentry"],"yoast_head":"<!-- This site is optimized with the Yoast SEO Premium plugin v27.3 (Yoast SEO v27.3) - https:\/\/yoast.com\/product\/yoast-seo-premium-wordpress\/ -->\n<title>Customer Service | SHD Insurance<\/title>\n<meta name=\"description\" content=\"Have a question? Contact one of our customer service agents to help you book appointments, ask questions, and find discounts.\" \/>\n<meta name=\"robots\" content=\"index, follow, max-snippet:-1, max-image-preview:large, max-video-preview:-1\" \/>\n<link rel=\"canonical\" href=\"https:\/\/shdinsurance.com\/es\/customer-service\/\" \/>\n<meta property=\"og:locale\" content=\"es_MX\" \/>\n<meta property=\"og:type\" content=\"article\" \/>\n<meta property=\"og:title\" content=\"Customer Service\" \/>\n<meta property=\"og:description\" content=\"Have a question? Contact one of our customer service agents to help you book appointments, ask questions, and find discounts.\" \/>\n<meta property=\"og:url\" content=\"https:\/\/shdinsurance.com\/es\/customer-service\/\" \/>\n<meta property=\"og:site_name\" content=\"SHD Insurance\" \/>\n<meta property=\"article:modified_time\" content=\"2024-09-10T13:14:56+00:00\" \/>\n<meta property=\"og:image\" content=\"https:\/\/shdinsurance.com\/wp-content\/uploads\/2020\/02\/shd-insurance-logo-vertical.png\" \/>\n\t<meta property=\"og:image:width\" content=\"1072\" \/>\n\t<meta property=\"og:image:height\" content=\"1072\" \/>\n\t<meta property=\"og:image:type\" content=\"image\/png\" \/>\n<meta name=\"twitter:card\" content=\"summary_large_image\" \/>\n<meta name=\"twitter:label1\" content=\"Tiempo de lectura\" \/>\n\t<meta name=\"twitter:data1\" content=\"1 minuto\" \/>\n<script type=\"application\/ld+json\" class=\"yoast-schema-graph\">{\"@context\":\"https:\\\/\\\/schema.org\",\"@graph\":[{\"@type\":\"WebPage\",\"@id\":\"https:\\\/\\\/shdinsurance.com\\\/customer-service\\\/\",\"url\":\"https:\\\/\\\/shdinsurance.com\\\/customer-service\\\/\",\"name\":\"Customer Service | SHD Insurance\",\"isPartOf\":{\"@id\":\"https:\\\/\\\/shdinsurance.com\\\/es\\\/#website\"},\"primaryImageOfPage\":{\"@id\":\"https:\\\/\\\/shdinsurance.com\\\/customer-service\\\/#primaryimage\"},\"image\":{\"@id\":\"https:\\\/\\\/shdinsurance.com\\\/customer-service\\\/#primaryimage\"},\"thumbnailUrl\":\"https:\\\/\\\/shdinsurance.com\\\/wp-content\\\/uploads\\\/2020\\\/02\\\/shd-insurance-logo-vertical.png\",\"datePublished\":\"2023-05-19T13:48:35+00:00\",\"dateModified\":\"2024-09-10T13:14:56+00:00\",\"description\":\"Have a question? Contact one of our customer service agents to help you book appointments, ask questions, and find discounts.\",\"breadcrumb\":{\"@id\":\"https:\\\/\\\/shdinsurance.com\\\/customer-service\\\/#breadcrumb\"},\"inLanguage\":\"es\",\"potentialAction\":[{\"@type\":\"ReadAction\",\"target\":[\"https:\\\/\\\/shdinsurance.com\\\/customer-service\\\/\"]}]},{\"@type\":\"ImageObject\",\"inLanguage\":\"es\",\"@id\":\"https:\\\/\\\/shdinsurance.com\\\/customer-service\\\/#primaryimage\",\"url\":\"https:\\\/\\\/shdinsurance.com\\\/wp-content\\\/uploads\\\/2020\\\/02\\\/shd-insurance-logo-vertical.png\",\"contentUrl\":\"https:\\\/\\\/shdinsurance.com\\\/wp-content\\\/uploads\\\/2020\\\/02\\\/shd-insurance-logo-vertical.png\",\"width\":1072,\"height\":1072,\"caption\":\"shd insurance\"},{\"@type\":\"BreadcrumbList\",\"@id\":\"https:\\\/\\\/shdinsurance.com\\\/customer-service\\\/#breadcrumb\",\"itemListElement\":[{\"@type\":\"ListItem\",\"position\":1,\"name\":\"Home\",\"item\":\"https:\\\/\\\/shdinsurance.com\\\/\"},{\"@type\":\"ListItem\",\"position\":2,\"name\":\"Customer Service\"}]},{\"@type\":\"WebSite\",\"@id\":\"https:\\\/\\\/shdinsurance.com\\\/es\\\/#website\",\"url\":\"https:\\\/\\\/shdinsurance.com\\\/es\\\/\",\"name\":\"SHD Insurance\",\"description\":\"Dental Insurance Plans\",\"publisher\":{\"@id\":\"https:\\\/\\\/shdinsurance.com\\\/es\\\/#organization\"},\"potentialAction\":[{\"@type\":\"SearchAction\",\"target\":{\"@type\":\"EntryPoint\",\"urlTemplate\":\"https:\\\/\\\/shdinsurance.com\\\/es\\\/?s={search_term_string}\"},\"query-input\":{\"@type\":\"PropertyValueSpecification\",\"valueRequired\":true,\"valueName\":\"search_term_string\"}}],\"inLanguage\":\"es\"},{\"@type\":\"Organization\",\"@id\":\"https:\\\/\\\/shdinsurance.com\\\/es\\\/#organization\",\"name\":\"SHD\",\"url\":\"https:\\\/\\\/shdinsurance.com\\\/es\\\/\",\"logo\":{\"@type\":\"ImageObject\",\"inLanguage\":\"es\",\"@id\":\"https:\\\/\\\/shdinsurance.com\\\/es\\\/#\\\/schema\\\/logo\\\/image\\\/\",\"url\":\"https:\\\/\\\/shdinsurance.com\\\/wp-content\\\/uploads\\\/2020\\\/02\\\/shd-insurance-logo-vertical.png\",\"contentUrl\":\"https:\\\/\\\/shdinsurance.com\\\/wp-content\\\/uploads\\\/2020\\\/02\\\/shd-insurance-logo-vertical.png\",\"width\":1072,\"height\":1072,\"caption\":\"SHD\"},\"image\":{\"@id\":\"https:\\\/\\\/shdinsurance.com\\\/es\\\/#\\\/schema\\\/logo\\\/image\\\/\"}}]}<\/script>\n<!-- \/ Yoast SEO Premium plugin. -->","yoast_head_json":{"title":"Atenci\u00f3n al cliente | SHD Seguros","description":"\u00bfTiene alguna duda? P\u00f3ngase en contacto con uno de nuestros agentes de atenci\u00f3n al cliente para que le ayude a reservar citas, hacer preguntas y encontrar descuentos.","robots":{"index":"index","follow":"follow","max-snippet":"max-snippet:-1","max-image-preview":"max-image-preview:large","max-video-preview":"max-video-preview:-1"},"canonical":"https:\/\/shdinsurance.com\/es\/customer-service\/","og_locale":"es_MX","og_type":"article","og_title":"Customer Service","og_description":"Have a question? Contact one of our customer service agents to help you book appointments, ask questions, and find discounts.","og_url":"https:\/\/shdinsurance.com\/es\/customer-service\/","og_site_name":"SHD Insurance","article_modified_time":"2024-09-10T13:14:56+00:00","og_image":[{"width":1072,"height":1072,"url":"https:\/\/shdinsurance.com\/wp-content\/uploads\/2020\/02\/shd-insurance-logo-vertical.png","type":"image\/png"}],"twitter_card":"summary_large_image","twitter_misc":{"Tiempo de lectura":"1 minuto"},"schema":{"@context":"https:\/\/schema.org","@graph":[{"@type":"WebPage","@id":"https:\/\/shdinsurance.com\/customer-service\/","url":"https:\/\/shdinsurance.com\/customer-service\/","name":"Atenci\u00f3n al cliente | SHD Seguros","isPartOf":{"@id":"https:\/\/shdinsurance.com\/es\/#website"},"primaryImageOfPage":{"@id":"https:\/\/shdinsurance.com\/customer-service\/#primaryimage"},"image":{"@id":"https:\/\/shdinsurance.com\/customer-service\/#primaryimage"},"thumbnailUrl":"https:\/\/shdinsurance.com\/wp-content\/uploads\/2020\/02\/shd-insurance-logo-vertical.png","datePublished":"2023-05-19T13:48:35+00:00","dateModified":"2024-09-10T13:14:56+00:00","description":"\u00bfTiene alguna duda? P\u00f3ngase en contacto con uno de nuestros agentes de atenci\u00f3n al cliente para que le ayude a reservar citas, hacer preguntas y encontrar descuentos.","breadcrumb":{"@id":"https:\/\/shdinsurance.com\/customer-service\/#breadcrumb"},"inLanguage":"es","potentialAction":[{"@type":"ReadAction","target":["https:\/\/shdinsurance.com\/customer-service\/"]}]},{"@type":"ImageObject","inLanguage":"es","@id":"https:\/\/shdinsurance.com\/customer-service\/#primaryimage","url":"https:\/\/shdinsurance.com\/wp-content\/uploads\/2020\/02\/shd-insurance-logo-vertical.png","contentUrl":"https:\/\/shdinsurance.com\/wp-content\/uploads\/2020\/02\/shd-insurance-logo-vertical.png","width":1072,"height":1072,"caption":"shd insurance"},{"@type":"BreadcrumbList","@id":"https:\/\/shdinsurance.com\/customer-service\/#breadcrumb","itemListElement":[{"@type":"ListItem","position":1,"name":"Home","item":"https:\/\/shdinsurance.com\/"},{"@type":"ListItem","position":2,"name":"Customer Service"}]},{"@type":"WebSite","@id":"https:\/\/shdinsurance.com\/es\/#website","url":"https:\/\/shdinsurance.com\/es\/","name":"Seguros SHD","description":"Planes de seguro dental","publisher":{"@id":"https:\/\/shdinsurance.com\/es\/#organization"},"potentialAction":[{"@type":"SearchAction","target":{"@type":"EntryPoint","urlTemplate":"https:\/\/shdinsurance.com\/es\/?s={search_term_string}"},"query-input":{"@type":"PropertyValueSpecification","valueRequired":true,"valueName":"search_term_string"}}],"inLanguage":"es"},{"@type":"Organization","@id":"https:\/\/shdinsurance.com\/es\/#organization","name":"SHD","url":"https:\/\/shdinsurance.com\/es\/","logo":{"@type":"ImageObject","inLanguage":"es","@id":"https:\/\/shdinsurance.com\/es\/#\/schema\/logo\/image\/","url":"https:\/\/shdinsurance.com\/wp-content\/uploads\/2020\/02\/shd-insurance-logo-vertical.png","contentUrl":"https:\/\/shdinsurance.com\/wp-content\/uploads\/2020\/02\/shd-insurance-logo-vertical.png","width":1072,"height":1072,"caption":"SHD"},"image":{"@id":"https:\/\/shdinsurance.com\/es\/#\/schema\/logo\/image\/"}}]}},"_links":{"self":[{"href":"https:\/\/shdinsurance.com\/es\/wp-json\/wp\/v2\/pages\/3467","targetHints":{"allow":["GET"]}}],"collection":[{"href":"https:\/\/shdinsurance.com\/es\/wp-json\/wp\/v2\/pages"}],"about":[{"href":"https:\/\/shdinsurance.com\/es\/wp-json\/wp\/v2\/types\/page"}],"author":[{"embeddable":true,"href":"https:\/\/shdinsurance.com\/es\/wp-json\/wp\/v2\/users\/2"}],"replies":[{"embeddable":true,"href":"https:\/\/shdinsurance.com\/es\/wp-json\/wp\/v2\/comments?post=3467"}],"version-history":[{"count":9,"href":"https:\/\/shdinsurance.com\/es\/wp-json\/wp\/v2\/pages\/3467\/revisions"}],"predecessor-version":[{"id":4273,"href":"https:\/\/shdinsurance.com\/es\/wp-json\/wp\/v2\/pages\/3467\/revisions\/4273"}],"wp:featuredmedia":[{"embeddable":true,"href":"https:\/\/shdinsurance.com\/es\/wp-json\/wp\/v2\/media\/52"}],"wp:attachment":[{"href":"https:\/\/shdinsurance.com\/es\/wp-json\/wp\/v2\/media?parent=3467"}],"curies":[{"name":"wp","href":"https:\/\/api.w.org\/{rel}","templated":true}]}}