{"id":3,"date":"2020-02-13T16:23:54","date_gmt":"2020-02-13T16:23:54","guid":{"rendered":"http:\/\/shdinsurance.com\/?page_id=3"},"modified":"2020-10-16T15:24:34","modified_gmt":"2020-10-16T15:24:34","slug":"privacy-policy","status":"publish","type":"page","link":"https:\/\/shdinsurance.com\/es\/privacy-policy\/","title":{"rendered":"Pol\u00edtica de privacidad"},"content":{"rendered":"<div data-elementor-type=\"wp-page\" data-elementor-id=\"3\" class=\"elementor elementor-3\" data-elementor-post-type=\"page\">\n\t\t\t\t\t\t<section class=\"elementor-section elementor-top-section elementor-element elementor-element-ba1acc7 elementor-section-full_width elementor-section-height-default elementor-section-height-default\" data-id=\"ba1acc7\" data-element_type=\"section\" data-e-type=\"section\" data-settings=\"{&quot;background_background&quot;:&quot;classic&quot;}\">\n\t\t\t\t\t\t<div class=\"elementor-container elementor-column-gap-default\">\n\t\t\t\t\t<div class=\"elementor-column elementor-col-100 elementor-top-column elementor-element elementor-element-5a5bb8f\" data-id=\"5a5bb8f\" data-element_type=\"column\" data-e-type=\"column\">\n\t\t\t<div class=\"elementor-widget-wrap elementor-element-populated\">\n\t\t\t\t\t\t<div class=\"elementor-element elementor-element-849e36c elementor-widget elementor-widget-menu-anchor\" data-id=\"849e36c\" data-element_type=\"widget\" data-e-type=\"widget\" data-widget_type=\"menu-anchor.default\">\n\t\t\t\t<div class=\"elementor-widget-container\">\n\t\t\t\t\t\t\t<div class=\"elementor-menu-anchor\" id=\"top\"><\/div>\n\t\t\t\t\t\t<\/div>\n\t\t\t\t<\/div>\n\t\t\t\t<div class=\"elementor-element elementor-element-5ee36df elementor-widget elementor-widget-heading\" data-id=\"5ee36df\" data-element_type=\"widget\" data-e-type=\"widget\" data-widget_type=\"heading.default\">\n\t\t\t\t<div class=\"elementor-widget-container\">\n\t\t\t\t\t<h1 class=\"elementor-heading-title elementor-size-default\">POL\u00cdTICA DE PRIVACIDAD<\/h1>\t\t\t\t<\/div>\n\t\t\t\t<\/div>\n\t\t\t\t\t<\/div>\n\t\t<\/div>\n\t\t\t\t\t<\/div>\n\t\t<\/section>\n\t\t\t\t<section class=\"elementor-section elementor-top-section elementor-element elementor-element-715a09d elementor-section-full_width elementor-section-height-default elementor-section-height-default\" data-id=\"715a09d\" data-element_type=\"section\" data-e-type=\"section\">\n\t\t\t\t\t\t<div class=\"elementor-container elementor-column-gap-default\">\n\t\t\t\t\t<div class=\"elementor-column elementor-col-50 elementor-top-column elementor-element elementor-element-00f40b0 elementor-hidden-phone\" data-id=\"00f40b0\" data-element_type=\"column\" data-e-type=\"column\" data-settings=\"{&quot;background_background&quot;:&quot;classic&quot;}\">\n\t\t\t<div class=\"elementor-widget-wrap\">\n\t\t\t\t\t\t\t<\/div>\n\t\t<\/div>\n\t\t\t\t<div class=\"elementor-column elementor-col-50 elementor-top-column elementor-element elementor-element-0f768b7\" data-id=\"0f768b7\" data-element_type=\"column\" data-e-type=\"column\">\n\t\t\t<div class=\"elementor-widget-wrap elementor-element-populated\">\n\t\t\t\t\t\t<div class=\"elementor-element elementor-element-51fb27d elementor-widget elementor-widget-text-editor\" data-id=\"51fb27d\" data-element_type=\"widget\" data-e-type=\"widget\" data-widget_type=\"text-editor.default\">\n\t\t\t\t<div class=\"elementor-widget-container\">\n\t\t\t\t\t\t\t\t\t<p>Reconocemos la importancia de proteger la privacidad de la informaci\u00f3n proporcionada por los visitantes de nuestros sitios web. Hemos creado las siguientes directrices para demostrar nuestro compromiso con el tema de la privacidad. En Smart Health Dental, LLC, nos tomamos su privacidad muy en serio. Informaci\u00f3n de identificaci\u00f3n personal se refiere a la informaci\u00f3n de contacto que nos dice espec\u00edficamente qui\u00e9n es usted, como su nombre, n\u00famero de tel\u00e9fono, correo electr\u00f3nico o direcci\u00f3n postal. Si solicita un presupuesto de seguro por tel\u00e9fono, le pedimos que proporcione cierta informaci\u00f3n de identificaci\u00f3n personal, como su nombre, direcci\u00f3n, n\u00famero de tel\u00e9fono, direcci\u00f3n de correo electr\u00f3nico y c\u00f3digo postal. Esta informaci\u00f3n es necesaria para procesar su presupuesto y ponernos en contacto con usted. La cantidad de informaci\u00f3n de identificaci\u00f3n personal que usted decida revelarnos depende completamente de usted. Adem\u00e1s, nos reservamos el derecho de a\u00f1adir atributos adicionales a la informaci\u00f3n que nos proporcione con el fin de mejorar la exactitud del contenido que se le entregue. Estamos comprometidos con la seguridad de los ni\u00f1os. Los menores de 18 a\u00f1os no pueden participar en encuestas, boletines, sorteos o concursos en nuestros sitios web.\u00a0<span style=\"color: var( --e-global-color-text ); font-family: var( --e-global-typography-text-font-family ); font-weight: var( --e-global-typography-text-font-weight );\">La informaci\u00f3n sobre las llamadas que realice a los n\u00fameros de tel\u00e9fono de nuestro sitio puede ser recopilada por Google Analytics junto con su actividad en el sitio o la aplicaci\u00f3n con el fin de medir las m\u00e9tricas de llamadas telef\u00f3nicas y de conversi\u00f3n de usuarios.\u00a0<\/span><span style=\"color: var( --e-global-color-text ); font-family: var( --e-global-typography-text-font-family ); font-weight: var( --e-global-typography-text-font-weight );\">Si ya no desea recibir nuestro bolet\u00edn informativo y comunicaciones promocionales, puede optar por dejar de recibirlos siguiendo las instrucciones incluidas en cada bolet\u00edn o comunicaci\u00f3n o puede comunicarse con nosotros al (866) 928-3130 o por correo a Smart Health Dental, LLC, Attn: Marketing, 7154 North University Drive, Ste 89, Tamarac, FL 33321. Si su informaci\u00f3n de identificaci\u00f3n personal cambia, o si ya no desea nuestro servicio, puede corregir, actualizar, eliminar o desactivar poni\u00e9ndose en contacto con nosotros en el (866) 928-3130 o por correo en Smart Health Dental, LLC, Attn: Marketing, 7154 North University Drive, Ste 89, Tamarac, FL 33321.<\/span><\/p><p>Smart Health Dental, LLC puede recopilar autom\u00e1ticamente informaci\u00f3n y datos no personales mediante el uso de \"cookies\". Las \"cookies\" son peque\u00f1os archivos de texto que un sitio web utiliza para reconocer a los usuarios recurrentes, facilitar el acceso continuo del usuario al sitio y facilitar el uso del sitio. Las \"cookies\" tambi\u00e9n permiten a un sitio rastrear el comportamiento de uso y recopilar informaci\u00f3n sobre el uso del sitio que permitir\u00e1 mejorar el contenido y orientar la publicidad. Vinculamos la informaci\u00f3n que almacenamos en las cookies con cualquier informaci\u00f3n personal identificable que usted env\u00ede mientras est\u00e1 en nuestro sitio. Algunos de nuestros socios comerciales (por ejemplo, los anunciantes) utilizan cookies en nuestro sitio. No tenemos acceso ni control sobre estas cookies. Esta declaraci\u00f3n de privacidad cubre el uso de cookies por parte de www.shdinsurance.com \u00fanicamente y no cubre el uso de cookies por parte de ning\u00fan anunciante.<\/p><p>Si usted acepta la compra de un producto a trav\u00e9s de Smart Health Dental, LLC, por favor, tenga en cuenta que vamos a compartir la informaci\u00f3n de identificaci\u00f3n personal con terceros como sea necesario para el tercero para proporcionar ese servicio. Smart Health Dental, LLC no comparte, vende, alquila o intercambia informaci\u00f3n de identificaci\u00f3n personal con terceros para sus fines promocionales. Nos reservamos el derecho de revelar su informaci\u00f3n de identificaci\u00f3n personal como lo requiere la ley y cuando creemos que la divulgaci\u00f3n es necesaria para proteger nuestros derechos y \/ o cumplir con un procedimiento judicial, orden judicial o proceso legal servido en nuestro sitio web.<\/p><p>Este sitio web contiene enlaces a otros sitios que no son propiedad o est\u00e1n controlados por Smart Health Dental, LLC. Tenga en cuenta que nosotros, Smart Health Dental, LLC, no somos responsables de las pr\u00e1cticas de privacidad de esos otros sitios. Le animamos a que sea consciente cuando salga de nuestro sitio y a que lea las declaraciones de privacidad de todos y cada uno de los sitios web que recogen informaci\u00f3n de identificaci\u00f3n personal. Esta declaraci\u00f3n de privacidad se aplica s\u00f3lo a la informaci\u00f3n recogida por este sitio web.<\/p><p>La seguridad de su informaci\u00f3n personal es importante para nosotros. Seguimos las normas generalmente aceptadas en el sector para proteger la informaci\u00f3n personal que nos env\u00eda, tanto durante la transmisi\u00f3n como una vez que la recibimos. Sin embargo, ning\u00fan m\u00e9todo de transmisi\u00f3n por Internet o de almacenamiento electr\u00f3nico es 100% seguro. Por lo tanto, aunque nos esforzamos por utilizar medios comercialmente aceptables para proteger su informaci\u00f3n personal, no podemos garantizar su absoluta seguridad. Al utilizar nuestro sitio web, usted acepta la recopilaci\u00f3n y el uso de la informaci\u00f3n descrita en esta pol\u00edtica de privacidad. Por favor, tenga en cuenta que Smart Health Dental, LLC es una corporaci\u00f3n de la Florida con su lugar principal de negocios ubicado en 7154 North University Drive, Ste 89, Tamarac, FL 33321 y se rige por la Ley del Estado de Florida. Si decidimos cambiar nuestra pol\u00edtica de privacidad, publicaremos esos cambios en esta declaraci\u00f3n de privacidad, en la p\u00e1gina de inicio y en otros lugares que consideremos apropiados para que usted est\u00e9 al tanto de la informaci\u00f3n que recopilamos, c\u00f3mo la usamos y bajo qu\u00e9 circunstancias, si las hay, la revelamos. Nos reservamos el derecho a modificar esta declaraci\u00f3n de privacidad en cualquier momento, por lo que le rogamos que la revise con frecuencia. Si realizamos cambios importantes en esta pol\u00edtica, se lo notificaremos aqu\u00ed, por correo electr\u00f3nico o mediante un aviso en nuestra p\u00e1gina de inicio.<\/p>\t\t\t\t\t\t\t\t<\/div>\n\t\t\t\t<\/div>\n\t\t\t\t<div class=\"elementor-element elementor-element-501a301 elementor-widget elementor-widget-heading\" data-id=\"501a301\" data-element_type=\"widget\" data-e-type=\"widget\" data-widget_type=\"heading.default\">\n\t\t\t\t<div class=\"elementor-widget-container\">\n\t\t\t\t\t<h2 class=\"elementor-heading-title elementor-size-default\">Consentimiento expreso para ser contactado por Smart Health Dental, LLC<\/h2>\t\t\t\t<\/div>\n\t\t\t\t<\/div>\n\t\t\t\t<div class=\"elementor-element elementor-element-931238f elementor-widget elementor-widget-text-editor\" data-id=\"931238f\" data-element_type=\"widget\" data-e-type=\"widget\" data-widget_type=\"text-editor.default\">\n\t\t\t\t<div class=\"elementor-widget-container\">\n\t\t\t\t\t\t\t\t\t<p>Al enviar su informaci\u00f3n de contacto, incluyendo n\u00fameros de tel\u00e9fono residencial, n\u00fameros de tel\u00e9fono celular, direcciones de correo electr\u00f3nico y cualquier otra forma de informaci\u00f3n de contacto, a Smart Health Dental, LLC o sus socios, subsidiarias o proveedores de terceros, a trav\u00e9s de un sitio web, p\u00e1gina de destino, o socio de marketing de Smart Health Dental, LLC, usted est\u00e1 proporcionando el consentimiento expreso por escrito para ser contactado por un representante de Smart Health Dental, LLC a trav\u00e9s de cualquiera de los siguientes m\u00e9todos: Equipo de marcaci\u00f3n autom\u00e1tica, marcador predictivo, llamada telef\u00f3nica manual, correo electr\u00f3nico, correspondencia escrita y cualquier otro m\u00e9todo de contacto con un consumidor, hasta el momento en que usted solicite ser eliminado de nuestra lista de llamadas y ser a\u00f1adido a nuestra lista interna de no llamar. Una vez que usted env\u00eda una solicitud para ser a\u00f1adido a la lista interna de no llamar, Smart Health Dental, LLC procesar\u00e1 la solicitud dentro de 72 horas h\u00e1biles. Puede tomar hasta 30 d\u00edas h\u00e1biles para que todas las llamadas cesen, y para que su informaci\u00f3n de contacto sea filtrada de todas las llamadas futuras, a trav\u00e9s de un marcador autom\u00e1tico o predictivo por un per\u00edodo m\u00ednimo de 5 a\u00f1os.<\/p>\t\t\t\t\t\t\t\t<\/div>\n\t\t\t\t<\/div>\n\t\t\t\t\t<\/div>\n\t\t<\/div>\n\t\t\t\t\t<\/div>\n\t\t<\/section>\n\t\t\t\t<section class=\"elementor-section elementor-top-section elementor-element elementor-element-2ec03d4 elementor-section-boxed elementor-section-height-default elementor-section-height-default\" data-id=\"2ec03d4\" data-element_type=\"section\" data-e-type=\"section\">\n\t\t\t\t\t\t<div class=\"elementor-container elementor-column-gap-default\">\n\t\t\t\t\t<div class=\"elementor-column elementor-col-100 elementor-top-column elementor-element elementor-element-e05712a\" data-id=\"e05712a\" data-element_type=\"column\" data-e-type=\"column\">\n\t\t\t<div class=\"elementor-widget-wrap elementor-element-populated\">\n\t\t\t\t\t\t<div class=\"elementor-element elementor-element-35b229f elementor-button-info elementor-align-center elementor-widget elementor-widget-button\" data-id=\"35b229f\" data-element_type=\"widget\" data-e-type=\"widget\" data-widget_type=\"button.default\">\n\t\t\t\t<div class=\"elementor-widget-container\">\n\t\t\t\t\t\t\t\t\t<div class=\"elementor-button-wrapper\">\n\t\t\t\t\t<a class=\"elementor-button elementor-button-link elementor-size-lg\" href=\"#top\">\n\t\t\t\t\t\t<span class=\"elementor-button-content-wrapper\">\n\t\t\t\t\t\t\t\t\t<span class=\"elementor-button-text\">VOLVER ARRIBA<\/span>\n\t\t\t\t\t<\/span>\n\t\t\t\t\t<\/a>\n\t\t\t\t<\/div>\n\t\t\t\t\t\t\t\t<\/div>\n\t\t\t\t<\/div>\n\t\t\t\t\t<\/div>\n\t\t<\/div>\n\t\t\t\t\t<\/div>\n\t\t<\/section>\n\t\t\t\t<\/div>","protected":false},"excerpt":{"rendered":"<p>PRIVACY POLICY We recognize the importance of protecting the privacy of information provided by visitors to our websites. We have created the following guidelines to demonstrate our commitment to the issue of privacy. At Smart Health Dental, LLC, we take your privacy very seriously. Personally Identifiable Information refers to contact information that tells us specifically [&hellip;]<\/p>\n","protected":false},"author":2,"featured_media":52,"parent":0,"menu_order":0,"comment_status":"closed","ping_status":"open","template":"","meta":{"footnotes":""},"class_list":["post-3","page","type-page","status-publish","has-post-thumbnail","hentry"],"yoast_head":"<!-- This site is optimized with the Yoast SEO Premium plugin v27.3 (Yoast SEO v27.3) - https:\/\/yoast.com\/product\/yoast-seo-premium-wordpress\/ -->\n<title>Privacy Policy | SHD Smart Health Dental<\/title>\n<meta name=\"description\" content=\"SHD is committed to providing quality dental plan products that provide consumers with the best value and choices in the insurance industry.\" \/>\n<meta name=\"robots\" content=\"index, follow, max-snippet:-1, max-image-preview:large, max-video-preview:-1\" \/>\n<link rel=\"canonical\" href=\"https:\/\/shdinsurance.com\/es\/privacy-policy\/\" \/>\n<meta property=\"og:locale\" content=\"es_MX\" \/>\n<meta property=\"og:type\" content=\"article\" \/>\n<meta property=\"og:title\" content=\"Privacy Policy\" \/>\n<meta property=\"og:description\" content=\"SHD is committed to providing quality dental plan products that provide consumers with the best value and choices in the insurance industry.\" \/>\n<meta property=\"og:url\" content=\"https:\/\/shdinsurance.com\/es\/privacy-policy\/\" \/>\n<meta property=\"og:site_name\" content=\"SHD Insurance\" \/>\n<meta property=\"article:modified_time\" content=\"2020-10-16T15:24:34+00:00\" \/>\n<meta property=\"og:image\" content=\"https:\/\/shdinsurance.com\/wp-content\/uploads\/2020\/02\/shd-insurance-logo-vertical.png\" \/>\n\t<meta property=\"og:image:width\" content=\"1072\" \/>\n\t<meta property=\"og:image:height\" content=\"1072\" \/>\n\t<meta property=\"og:image:type\" content=\"image\/png\" \/>\n<meta name=\"twitter:card\" content=\"summary_large_image\" \/>\n<meta name=\"twitter:label1\" content=\"Tiempo de lectura\" \/>\n\t<meta name=\"twitter:data1\" content=\"5 minutos\" \/>\n<!-- \/ Yoast SEO Premium plugin. -->","yoast_head_json":{"title":"Pol\u00edtica de privacidad | SHD Smart Health Dental","description":"SHD se compromete a ofrecer productos de planes dentales de calidad que proporcionen a los consumidores el mejor valor y las mejores opciones del sector de los seguros.","robots":{"index":"index","follow":"follow","max-snippet":"max-snippet:-1","max-image-preview":"max-image-preview:large","max-video-preview":"max-video-preview:-1"},"canonical":"https:\/\/shdinsurance.com\/es\/privacy-policy\/","og_locale":"es_MX","og_type":"article","og_title":"Privacy Policy","og_description":"SHD is committed to providing quality dental plan products that provide consumers with the best value and choices in the insurance industry.","og_url":"https:\/\/shdinsurance.com\/es\/privacy-policy\/","og_site_name":"SHD Insurance","article_modified_time":"2020-10-16T15:24:34+00:00","og_image":[{"width":1072,"height":1072,"url":"https:\/\/shdinsurance.com\/wp-content\/uploads\/2020\/02\/shd-insurance-logo-vertical.png","type":"image\/png"}],"twitter_card":"summary_large_image","twitter_misc":{"Tiempo de lectura":"5 minutos"},"schema":{"@context":"https:\/\/schema.org","@graph":[{"@type":"WebPage","@id":"https:\/\/shdinsurance.com\/es\/privacy-policy\/","url":"https:\/\/shdinsurance.com\/es\/privacy-policy\/","name":"Pol\u00edtica de privacidad | SHD Smart Health Dental","isPartOf":{"@id":"https:\/\/shdinsurance.com\/es\/#website"},"primaryImageOfPage":{"@id":"https:\/\/shdinsurance.com\/es\/privacy-policy\/#primaryimage"},"image":{"@id":"https:\/\/shdinsurance.com\/es\/privacy-policy\/#primaryimage"},"thumbnailUrl":"https:\/\/shdinsurance.com\/wp-content\/uploads\/2020\/02\/shd-insurance-logo-vertical.png","datePublished":"2020-02-13T16:23:54+00:00","dateModified":"2020-10-16T15:24:34+00:00","description":"SHD se compromete a ofrecer productos de planes dentales de calidad que proporcionen a los consumidores el mejor valor y las mejores opciones del sector de los seguros.","breadcrumb":{"@id":"https:\/\/shdinsurance.com\/es\/privacy-policy\/#breadcrumb"},"inLanguage":"es","potentialAction":[{"@type":"ReadAction","target":["https:\/\/shdinsurance.com\/es\/privacy-policy\/"]}]},{"@type":"ImageObject","inLanguage":"es","@id":"https:\/\/shdinsurance.com\/es\/privacy-policy\/#primaryimage","url":"https:\/\/shdinsurance.com\/wp-content\/uploads\/2020\/02\/shd-insurance-logo-vertical.png","contentUrl":"https:\/\/shdinsurance.com\/wp-content\/uploads\/2020\/02\/shd-insurance-logo-vertical.png","width":1072,"height":1072,"caption":"shd insurance"},{"@type":"BreadcrumbList","@id":"https:\/\/shdinsurance.com\/es\/privacy-policy\/#breadcrumb","itemListElement":[{"@type":"ListItem","position":1,"name":"Home","item":"https:\/\/shdinsurance.com\/"},{"@type":"ListItem","position":2,"name":"Privacy Policy"}]},{"@type":"WebSite","@id":"https:\/\/shdinsurance.com\/es\/#website","url":"https:\/\/shdinsurance.com\/es\/","name":"Seguros SHD","description":"Planes de seguro dental","publisher":{"@id":"https:\/\/shdinsurance.com\/es\/#organization"},"potentialAction":[{"@type":"SearchAction","target":{"@type":"EntryPoint","urlTemplate":"https:\/\/shdinsurance.com\/es\/?s={search_term_string}"},"query-input":{"@type":"PropertyValueSpecification","valueRequired":true,"valueName":"search_term_string"}}],"inLanguage":"es"},{"@type":"Organization","@id":"https:\/\/shdinsurance.com\/es\/#organization","name":"SHD","url":"https:\/\/shdinsurance.com\/es\/","logo":{"@type":"ImageObject","inLanguage":"es","@id":"https:\/\/shdinsurance.com\/es\/#\/schema\/logo\/image\/","url":"https:\/\/shdinsurance.com\/wp-content\/uploads\/2020\/02\/shd-insurance-logo-vertical.png","contentUrl":"https:\/\/shdinsurance.com\/wp-content\/uploads\/2020\/02\/shd-insurance-logo-vertical.png","width":1072,"height":1072,"caption":"SHD"},"image":{"@id":"https:\/\/shdinsurance.com\/es\/#\/schema\/logo\/image\/"}}]}},"_links":{"self":[{"href":"https:\/\/shdinsurance.com\/es\/wp-json\/wp\/v2\/pages\/3","targetHints":{"allow":["GET"]}}],"collection":[{"href":"https:\/\/shdinsurance.com\/es\/wp-json\/wp\/v2\/pages"}],"about":[{"href":"https:\/\/shdinsurance.com\/es\/wp-json\/wp\/v2\/types\/page"}],"author":[{"embeddable":true,"href":"https:\/\/shdinsurance.com\/es\/wp-json\/wp\/v2\/users\/2"}],"replies":[{"embeddable":true,"href":"https:\/\/shdinsurance.com\/es\/wp-json\/wp\/v2\/comments?post=3"}],"version-history":[{"count":17,"href":"https:\/\/shdinsurance.com\/es\/wp-json\/wp\/v2\/pages\/3\/revisions"}],"predecessor-version":[{"id":2251,"href":"https:\/\/shdinsurance.com\/es\/wp-json\/wp\/v2\/pages\/3\/revisions\/2251"}],"wp:featuredmedia":[{"embeddable":true,"href":"https:\/\/shdinsurance.com\/es\/wp-json\/wp\/v2\/media\/52"}],"wp:attachment":[{"href":"https:\/\/shdinsurance.com\/es\/wp-json\/wp\/v2\/media?parent=3"}],"curies":[{"name":"wp","href":"https:\/\/api.w.org\/{rel}","templated":true}]}}